{"id":368,"date":"2020-03-16T13:56:40","date_gmt":"2020-03-16T13:56:40","guid":{"rendered":"http:\/\/localhost\/epb_industrial_demos\/2\/?page_id=16"},"modified":"2026-02-10T16:36:39","modified_gmt":"2026-02-10T16:36:39","slug":"home","status":"publish","type":"page","link":"http:\/\/www.ozmersan.com.tr\/web\/","title":{"rendered":"Ana Sayfa"},"content":{"rendered":"\t\t<div data-elementor-type=\"wp-page\" data-elementor-id=\"368\" class=\"elementor elementor-368\" data-elementor-settings=\"[]\">\n\t\t\t\t\t\t\t<div class=\"elementor-section-wrap\">\n\t\t\t\t\t\t\t<section class=\"elementor-section elementor-top-section elementor-element elementor-element-9692b54 elementor-section-stretched elementor-section-full_width elementor-section-height-default elementor-section-height-default\" data-id=\"9692b54\" data-element_type=\"section\" data-settings=\"{&quot;stretch_section&quot;:&quot;section-stretched&quot;}\">\n\t\t\t\t\t\t<div class=\"elementor-container elementor-column-gap-no\">\n\t\t\t\t\t<div class=\"elementor-column elementor-col-100 elementor-top-column elementor-element elementor-element-930e09b\" data-id=\"930e09b\" data-element_type=\"column\">\n\t\t\t<div class=\"elementor-widget-wrap elementor-element-populated\">\n\t\t\t\t\t\t\t\t<div class=\"elementor-element elementor-element-7ecd3af elementor-widget elementor-widget-slider_revolution\" data-id=\"7ecd3af\" data-element_type=\"widget\" data-widget_type=\"slider_revolution.default\">\n\t\t\t\t<div class=\"elementor-widget-container\">\n\t\t\t\r\n\t\t<div class=\"wp-block-themepunch-revslider\">\n\t\t\t<!-- START Slider 2 REVOLUTION SLIDER 6.5.5 --><p class=\"rs-p-wp-fix\"><\/p>\n\t\t\t<rs-module-wrap id=\"rev_slider_1_1_wrapper\" data-source=\"gallery\" style=\"visibility:hidden;background:transparent;padding:0;margin:0px auto;margin-top:0;margin-bottom:0;max-width:;\">\n\t\t\t\t<rs-module id=\"rev_slider_1_1\" style=\"\" data-version=\"6.5.5\">\n\t\t\t\t\t<rs-slides>\n\t\t\t\t\t\t<rs-slide style=\"position: absolute;\" data-key=\"rs-3\" data-title=\"Slide\" data-thumb=\"\/\/www.ozmersan.com.tr\/web\/wp-content\/uploads\/2021\/09\/DJI0089-100x50.jpg\" data-anim=\"ms:600;\" data-in=\"o:0;\" data-out=\"a:false;\">\n\t\t\t\t\t\t\t<img loading=\"lazy\" src=\"\/\/www.ozmersan.com.tr\/web\/wp-content\/plugins\/revslider\/public\/assets\/assets\/dummy.png\" title=\"DJI0089\" width=\"2000\" height=\"700\" class=\"rev-slidebg tp-rs-img rs-lazyload\" data-lazyload=\"\/\/www.ozmersan.com.tr\/web\/wp-content\/uploads\/2021\/09\/DJI0089.jpg\" data-parallax=\"off\" data-no-retina>\n<!---->\t\t\t\t\t\t<\/rs-slide>\n\t\t\t\t\t\t<rs-slide style=\"position: absolute;\" data-key=\"rs-6\" data-title=\"Slide\" data-thumb=\"\/\/www.ozmersan.com.tr\/web\/wp-content\/uploads\/2021\/10\/135a3db2-fe0f-4ec1-90e2-54500460086c-100x50.jpg\" data-anim=\"ms:600;\" data-in=\"o:0;\" data-out=\"a:false;\">\n\t\t\t\t\t\t\t<img loading=\"lazy\" src=\"\/\/www.ozmersan.com.tr\/web\/wp-content\/plugins\/revslider\/public\/assets\/assets\/dummy.png\" width=\"2000\" height=\"700\" class=\"rev-slidebg tp-rs-img rs-lazyload\" data-lazyload=\"\/\/www.ozmersan.com.tr\/web\/wp-content\/uploads\/2021\/10\/135a3db2-fe0f-4ec1-90e2-54500460086c.jpg\" data-parallax=\"off\" data-no-retina>\n<!---->\t\t\t\t\t\t<\/rs-slide>\n\t\t\t\t\t\t<rs-slide style=\"position: absolute;\" data-key=\"rs-2\" data-title=\"Slide\" data-thumb=\"\/\/www.ozmersan.com.tr\/web\/wp-content\/uploads\/2021\/09\/DJI0007-100x50.jpg\" data-anim=\"ms:600;\" data-in=\"o:0;\" data-out=\"a:false;\">\n\t\t\t\t\t\t\t<img loading=\"lazy\" src=\"\/\/www.ozmersan.com.tr\/web\/wp-content\/plugins\/revslider\/public\/assets\/assets\/dummy.png\" title=\"DJI0007\" width=\"2000\" height=\"700\" class=\"rev-slidebg tp-rs-img rs-lazyload\" data-lazyload=\"\/\/www.ozmersan.com.tr\/web\/wp-content\/uploads\/2021\/09\/DJI0007.jpg\" data-parallax=\"off\" data-no-retina>\n<!---->\t\t\t\t\t\t<\/rs-slide>\n\t\t\t\t\t\t<rs-slide style=\"position: absolute;\" data-key=\"rs-1\" data-title=\"Slide\" data-thumb=\"\/\/www.ozmersan.com.tr\/web\/wp-content\/uploads\/2021\/09\/DJI0115-100x50.jpg\" data-anim=\"ms:600;\" data-in=\"o:0;\" data-out=\"a:false;\">\n\t\t\t\t\t\t\t<img loading=\"lazy\" src=\"\/\/www.ozmersan.com.tr\/web\/wp-content\/plugins\/revslider\/public\/assets\/assets\/dummy.png\" title=\"DJI0115\" width=\"2000\" height=\"700\" class=\"rev-slidebg tp-rs-img rs-lazyload\" data-lazyload=\"\/\/www.ozmersan.com.tr\/web\/wp-content\/uploads\/2021\/09\/DJI0115.jpg\" data-parallax=\"off\" data-no-retina>\n<!---->\t\t\t\t\t\t<\/rs-slide>\n\t\t\t\t\t\t<rs-slide style=\"position: absolute;\" data-key=\"rs-8\" data-title=\"Slide\" data-thumb=\"\/\/www.ozmersan.com.tr\/web\/wp-content\/uploads\/2021\/10\/DJI0154-100x50.jpg\" data-anim=\"ms:600;\" data-in=\"o:0;\" data-out=\"a:false;\">\n\t\t\t\t\t\t\t<img loading=\"lazy\" src=\"\/\/www.ozmersan.com.tr\/web\/wp-content\/plugins\/revslider\/public\/assets\/assets\/dummy.png\" width=\"1600\" height=\"700\" class=\"rev-slidebg tp-rs-img rs-lazyload\" data-lazyload=\"\/\/www.ozmersan.com.tr\/web\/wp-content\/uploads\/2021\/10\/DJI0154.jpg\" data-parallax=\"off\" data-no-retina>\n<!---->\t\t\t\t\t\t<\/rs-slide>\n\t\t\t\t\t\t<rs-slide style=\"position: absolute;\" data-key=\"rs-4\" data-title=\"Slide\" data-thumb=\"\/\/www.ozmersan.com.tr\/web\/wp-content\/uploads\/2021\/10\/DJI_0154-100x50.jpg\" data-anim=\"ms:600;\" data-in=\"o:0;\" data-out=\"a:false;\">\n\t\t\t\t\t\t\t<img loading=\"lazy\" src=\"\/\/www.ozmersan.com.tr\/web\/wp-content\/plugins\/revslider\/public\/assets\/assets\/dummy.png\" width=\"2000\" height=\"700\" class=\"rev-slidebg tp-rs-img rs-lazyload\" data-lazyload=\"\/\/www.ozmersan.com.tr\/web\/wp-content\/uploads\/2021\/10\/DJI_0154.jpg\" data-parallax=\"off\" data-no-retina>\n<!---->\t\t\t\t\t\t<\/rs-slide>\n\t\t\t\t\t\t<rs-slide style=\"position: absolute;\" data-key=\"rs-5\" data-title=\"Slide\" data-thumb=\"\/\/www.ozmersan.com.tr\/web\/wp-content\/uploads\/2021\/10\/DJI0150-100x50.jpg\" data-anim=\"ms:600;\" data-in=\"o:0;\" data-out=\"a:false;\">\n\t\t\t\t\t\t\t<img loading=\"lazy\" src=\"\/\/www.ozmersan.com.tr\/web\/wp-content\/plugins\/revslider\/public\/assets\/assets\/dummy.png\" width=\"2000\" height=\"700\" class=\"rev-slidebg tp-rs-img rs-lazyload\" data-lazyload=\"\/\/www.ozmersan.com.tr\/web\/wp-content\/uploads\/2021\/10\/DJI0150.jpg\" data-parallax=\"off\" data-no-retina>\n<!---->\t\t\t\t\t\t<\/rs-slide>\n\t\t\t\t\t\t<rs-slide style=\"position: absolute;\" data-key=\"rs-7\" data-title=\"Slide\" data-thumb=\"\/\/www.ozmersan.com.tr\/web\/wp-content\/uploads\/2021\/10\/DJI0074-100x50.jpg\" data-anim=\"ms:600;\" data-in=\"o:0;\" data-out=\"a:false;\">\n\t\t\t\t\t\t\t<img loading=\"lazy\" src=\"\/\/www.ozmersan.com.tr\/web\/wp-content\/plugins\/revslider\/public\/assets\/assets\/dummy.png\" width=\"2000\" height=\"700\" class=\"rev-slidebg tp-rs-img rs-lazyload\" data-lazyload=\"\/\/www.ozmersan.com.tr\/web\/wp-content\/uploads\/2021\/10\/DJI0074.jpg\" data-parallax=\"off\" data-no-retina>\n<!---->\t\t\t\t\t\t<\/rs-slide>\n\t\t\t\t\t<\/rs-slides>\n\t\t\t\t<\/rs-module>\n\t\t\t\t<script type=\"text\/javascript\">\n\t\t\t\t\tsetREVStartSize({c: 'rev_slider_1_1',rl:[1240,1024,778,480],el:[550,550,400,500],gw:[1140,1140,778,480],gh:[550,550,400,500],type:'standard',justify:'',layout:'fullwidth',mh:\"0\"});if (window.RS_MODULES!==undefined && window.RS_MODULES.modules!==undefined && window.RS_MODULES.modules[\"revslider11\"]!==undefined) {window.RS_MODULES.modules[\"revslider11\"].once = false;window.revapi1 = undefined;window.RS_MODULES.checkMinimal()}\n\t\t\t\t<\/script>\n\t\t\t<\/rs-module-wrap>\n\t\t\t<!-- END REVOLUTION SLIDER -->\n<\/div>\r\n\r\n\t\t\t\t<\/div>\n\t\t\t\t<\/div>\n\t\t\t\t\t<\/div>\n\t\t<\/div>\n\t\t\t\t\t\t\t<\/div>\n\t\t<\/section>\n\t\t\t\t<section class=\"elementor-section elementor-top-section elementor-element elementor-element-d0bdcbb elementor-section-boxed elementor-section-height-default elementor-section-height-default\" data-id=\"d0bdcbb\" data-element_type=\"section\">\n\t\t\t\t\t\t<div class=\"elementor-container elementor-column-gap-default\">\n\t\t\t\t\t<div class=\"elementor-column elementor-col-100 elementor-top-column elementor-element elementor-element-5a0e10a\" data-id=\"5a0e10a\" data-element_type=\"column\">\n\t\t\t<div class=\"elementor-widget-wrap elementor-element-populated\">\n\t\t\t\t\t\t\t\t<div class=\"elementor-element elementor-element-7e31e2a elementor-widget elementor-widget-image\" data-id=\"7e31e2a\" data-element_type=\"widget\" data-widget_type=\"image.default\">\n\t\t\t\t<div class=\"elementor-widget-container\">\n\t\t\t\t\t\t\t\t\t\t\t\t\t\t\t<img width=\"920\" height=\"750\" src=\"http:\/\/www.ozmersan.com.tr\/web\/wp-content\/uploads\/2026\/02\/ilanozmersan.jpg\" class=\"attachment-large size-large\" alt=\"\" loading=\"lazy\" srcset=\"http:\/\/www.ozmersan.com.tr\/web\/wp-content\/uploads\/2026\/02\/ilanozmersan.jpg 920w, http:\/\/www.ozmersan.com.tr\/web\/wp-content\/uploads\/2026\/02\/ilanozmersan-300x245.jpg 300w, http:\/\/www.ozmersan.com.tr\/web\/wp-content\/uploads\/2026\/02\/ilanozmersan-768x626.jpg 768w\" sizes=\"(max-width: 920px) 100vw, 920px\" \/>\t\t\t\t\t\t\t\t\t\t\t\t\t\t\t<\/div>\n\t\t\t\t<\/div>\n\t\t\t\t\t<\/div>\n\t\t<\/div>\n\t\t\t\t\t\t\t<\/div>\n\t\t<\/section>\n\t\t\t\t<section class=\"elementor-section elementor-top-section elementor-element elementor-element-c499f7b elementor-section-boxed elementor-section-height-default elementor-section-height-default\" data-id=\"c499f7b\" data-element_type=\"section\">\n\t\t\t\t\t\t<div class=\"elementor-container elementor-column-gap-default\">\n\t\t\t\t\t<div class=\"elementor-column elementor-col-100 elementor-top-column elementor-element elementor-element-8bf923e\" data-id=\"8bf923e\" data-element_type=\"column\">\n\t\t\t<div class=\"elementor-widget-wrap elementor-element-populated\">\n\t\t\t\t\t\t\t\t<div class=\"elementor-element elementor-element-6adae24 elementor-widget elementor-widget-heading\" data-id=\"6adae24\" data-element_type=\"widget\" data-widget_type=\"heading.default\">\n\t\t\t\t<div class=\"elementor-widget-container\">\n\t\t\t<h5 class='heading-left  divider-sm'  style=\"color:#000000\"><span>OCAKLARIMIZDAN BAZILARI<\/span><\/h5>\t\t<\/div>\n\t\t\t\t<\/div>\n\t\t\t\t\t<\/div>\n\t\t<\/div>\n\t\t\t\t\t\t\t<\/div>\n\t\t<\/section>\n\t\t\t\t<section class=\"elementor-section elementor-top-section elementor-element elementor-element-7d23faf elementor-section-stretched elementor-section-boxed elementor-section-height-default elementor-section-height-default\" data-id=\"7d23faf\" data-element_type=\"section\" data-settings=\"{&quot;stretch_section&quot;:&quot;section-stretched&quot;,&quot;background_background&quot;:&quot;classic&quot;}\">\n\t\t\t\t\t\t<div class=\"elementor-container elementor-column-gap-default\">\n\t\t\t\t\t<div class=\"elementor-column elementor-col-33 elementor-top-column elementor-element elementor-element-e041a68\" data-id=\"e041a68\" data-element_type=\"column\">\n\t\t\t<div class=\"elementor-widget-wrap elementor-element-populated\">\n\t\t\t\t\t\t\t\t<div class=\"elementor-element elementor-element-809a9ab elementor-widget elementor-widget-featured_content\" data-id=\"809a9ab\" data-element_type=\"widget\" data-widget_type=\"featured_content.default\">\n\t\t\t\t<div class=\"elementor-widget-container\">\n\t\t\t<div class='featured featured-has-link featured-has-icon'><div class='featured-header'><a target='_self' href='?page_id=1117'><img alt='CINDERELLA' src='http:\/\/www.ozmersan.com.tr\/web\/wp-content\/uploads\/2023\/02\/1212.jpg'\/><\/a><\/div><div class='featured-content'><h3 class='featured-title text-uppercase'><a target='_self' href='?page_id=1117'><i class='fas fa-plug'><\/i>CINDERELLA<\/a><\/h3><a class='btn btn-md btn-minimal' target='_self' href='?page_id=1117'>Devam\u0131<\/a><\/div><\/div>\t\t<\/div>\n\t\t\t\t<\/div>\n\t\t\t\t<div class=\"elementor-element elementor-element-adfbb27 elementor-widget elementor-widget-spacer\" data-id=\"adfbb27\" data-element_type=\"widget\" data-widget_type=\"spacer.default\">\n\t\t\t\t<div class=\"elementor-widget-container\">\n\t\t\t\t\t<div class=\"elementor-spacer\">\n\t\t\t<div class=\"elementor-spacer-inner\"><\/div>\n\t\t<\/div>\n\t\t\t\t<\/div>\n\t\t\t\t<\/div>\n\t\t\t\t<div class=\"elementor-element elementor-element-a85f7c1 elementor-widget elementor-widget-featured_content\" data-id=\"a85f7c1\" data-element_type=\"widget\" data-widget_type=\"featured_content.default\">\n\t\t\t\t<div class=\"elementor-widget-container\">\n\t\t\t<div class='featured featured-has-link featured-has-icon'><div class='featured-header'><a target='_self' href='?page_id=106'><img alt='IRISH CREAM TRAVERTEN' src='http:\/\/www.ozmersan.com.tr\/web\/wp-content\/uploads\/2023\/02\/1-7.jpg'\/><\/a><\/div><div class='featured-content'><h3 class='featured-title text-uppercase'><a target='_self' href='?page_id=106'><i class='fas fa-plug'><\/i>IRISH CREAM TRAVERTEN<\/a><\/h3><a class='btn btn-md btn-minimal' target='_self' href='?page_id=106'>Devam\u0131<\/a><\/div><\/div>\t\t<\/div>\n\t\t\t\t<\/div>\n\t\t\t\t<div class=\"elementor-element elementor-element-c572b01 elementor-widget elementor-widget-spacer\" data-id=\"c572b01\" data-element_type=\"widget\" data-widget_type=\"spacer.default\">\n\t\t\t\t<div class=\"elementor-widget-container\">\n\t\t\t\t\t<div class=\"elementor-spacer\">\n\t\t\t<div class=\"elementor-spacer-inner\"><\/div>\n\t\t<\/div>\n\t\t\t\t<\/div>\n\t\t\t\t<\/div>\n\t\t\t\t<div class=\"elementor-element elementor-element-03b5253 elementor-widget elementor-widget-featured_content\" data-id=\"03b5253\" data-element_type=\"widget\" data-widget_type=\"featured_content.default\">\n\t\t\t\t<div class=\"elementor-widget-container\">\n\t\t\t<div class='featured featured-has-link featured-has-icon'><div class='featured-header'><a target='_self' href='?page_id=112'><img alt='SARI TRAVERTEN' src='http:\/\/www.ozmersan.com.tr\/web\/wp-content\/uploads\/2021\/09\/3-4.jpg'\/><\/a><\/div><div class='featured-content'><h3 class='featured-title text-uppercase'><a target='_self' href='?page_id=112'><i class='fas fa-chart-area'><\/i>SARI TRAVERTEN<\/a><\/h3><a class='btn btn-md btn-minimal' target='_self' href='?page_id=112'>Devam\u0131<\/a><\/div><\/div>\t\t<\/div>\n\t\t\t\t<\/div>\n\t\t\t\t\t<\/div>\n\t\t<\/div>\n\t\t\t\t<div class=\"elementor-column elementor-col-33 elementor-top-column elementor-element elementor-element-a03273e\" data-id=\"a03273e\" data-element_type=\"column\">\n\t\t\t<div class=\"elementor-widget-wrap elementor-element-populated\">\n\t\t\t\t\t\t\t\t<div class=\"elementor-element elementor-element-3e544ff elementor-widget elementor-widget-featured_content\" data-id=\"3e544ff\" data-element_type=\"widget\" data-widget_type=\"featured_content.default\">\n\t\t\t\t<div class=\"elementor-widget-container\">\n\t\t\t<div class='featured featured-has-link featured-has-icon'><div class='featured-header'><a target='_self' href='?page_id=100'><img alt='NOCHE TRAVERTEN' src='http:\/\/www.ozmersan.com.tr\/web\/wp-content\/uploads\/2021\/10\/1.jpg'\/><\/a><\/div><div class='featured-content'><h3 class='featured-title text-uppercase'><a target='_self' href='?page_id=100'><i class='far fa-sun'><\/i>NOCHE TRAVERTEN<\/a><\/h3><a class='btn btn-md btn-minimal' target='_self' href='?page_id=100'>Devam\u0131<\/a><\/div><\/div>\t\t<\/div>\n\t\t\t\t<\/div>\n\t\t\t\t<div class=\"elementor-element elementor-element-951dc1e elementor-widget elementor-widget-spacer\" data-id=\"951dc1e\" data-element_type=\"widget\" data-widget_type=\"spacer.default\">\n\t\t\t\t<div class=\"elementor-widget-container\">\n\t\t\t\t\t<div class=\"elementor-spacer\">\n\t\t\t<div class=\"elementor-spacer-inner\"><\/div>\n\t\t<\/div>\n\t\t\t\t<\/div>\n\t\t\t\t<\/div>\n\t\t\t\t<div class=\"elementor-element elementor-element-e9c4114 elementor-widget elementor-widget-featured_content\" data-id=\"e9c4114\" data-element_type=\"widget\" data-widget_type=\"featured_content.default\">\n\t\t\t\t<div class=\"elementor-widget-container\">\n\t\t\t<div class='featured featured-has-link featured-has-icon'><div class='featured-header'><a target='_self' href='?page_id=114'><img alt='GOLD RIVER TRAVERTEN' src='http:\/\/www.ozmersan.com.tr\/web\/wp-content\/uploads\/2021\/10\/8-7.jpg'\/><\/a><\/div><div class='featured-content'><h3 class='featured-title text-uppercase'><a target='_self' href='?page_id=114'><i class='fas fa-puzzle-piece'><\/i>GOLD RIVER TRAVERTEN<\/a><\/h3><a class='btn btn-md btn-minimal' target='_self' href='?page_id=114'>DEVAMI<\/a><\/div><\/div>\t\t<\/div>\n\t\t\t\t<\/div>\n\t\t\t\t\t<\/div>\n\t\t<\/div>\n\t\t\t\t<div class=\"elementor-column elementor-col-33 elementor-top-column elementor-element elementor-element-8bef0d1\" data-id=\"8bef0d1\" data-element_type=\"column\">\n\t\t\t<div class=\"elementor-widget-wrap elementor-element-populated\">\n\t\t\t\t\t\t\t\t<div class=\"elementor-element elementor-element-06970f6 elementor-widget elementor-widget-featured_content\" data-id=\"06970f6\" data-element_type=\"widget\" data-widget_type=\"featured_content.default\">\n\t\t\t\t<div class=\"elementor-widget-container\">\n\t\t\t<div class='featured featured-has-link featured-has-icon'><div class='featured-header'><a target='_self' href='?page_id=102'><img alt='MEDIUM TRAVERTEN' src='http:\/\/www.ozmersan.com.tr\/web\/wp-content\/uploads\/2021\/12\/722-2.jpg'\/><\/a><\/div><div class='featured-content'><h3 class='featured-title text-uppercase'><a target='_self' href='?page_id=102'><i class='fas fa-flask'><\/i>MEDIUM TRAVERTEN<\/a><\/h3><a class='btn btn-md btn-minimal' target='_self' href='?page_id=102'>Devam\u0131<\/a><\/div><\/div>\t\t<\/div>\n\t\t\t\t<\/div>\n\t\t\t\t<div class=\"elementor-element elementor-element-f1e4b4f elementor-widget elementor-widget-spacer\" data-id=\"f1e4b4f\" data-element_type=\"widget\" data-widget_type=\"spacer.default\">\n\t\t\t\t<div class=\"elementor-widget-container\">\n\t\t\t\t\t<div class=\"elementor-spacer\">\n\t\t\t<div class=\"elementor-spacer-inner\"><\/div>\n\t\t<\/div>\n\t\t\t\t<\/div>\n\t\t\t\t<\/div>\n\t\t\t\t<div class=\"elementor-element elementor-element-59d0875 elementor-widget elementor-widget-featured_content\" data-id=\"59d0875\" data-element_type=\"widget\" data-widget_type=\"featured_content.default\">\n\t\t\t\t<div class=\"elementor-widget-container\">\n\t\t\t<div class='featured featured-has-link featured-has-icon'><div class='featured-header'><a target='_self' href='?page_id=122'><img alt='S\u0130VAS ONYX' src='http:\/\/www.ozmersan.com.tr\/web\/wp-content\/uploads\/2021\/10\/7-10.jpg'\/><\/a><\/div><div class='featured-content'><h3 class='featured-title text-uppercase'><a target='_self' href='?page_id=122'><i class='fas fa-fire'><\/i>S\u0130VAS ONYX<\/a><\/h3><a class='btn btn-md btn-minimal' target='_self' href='?page_id=122'>DEVAMI<\/a><\/div><\/div>\t\t<\/div>\n\t\t\t\t<\/div>\n\t\t\t\t\t<\/div>\n\t\t<\/div>\n\t\t\t\t\t\t\t<\/div>\n\t\t<\/section>\n\t\t\t\t<section class=\"elementor-section elementor-top-section elementor-element elementor-element-4be2c2a elementor-section-stretched elementor-section-boxed elementor-section-height-default elementor-section-height-default\" data-id=\"4be2c2a\" data-element_type=\"section\" data-settings=\"{&quot;stretch_section&quot;:&quot;section-stretched&quot;,&quot;background_background&quot;:&quot;classic&quot;}\">\n\t\t\t\t\t\t<div class=\"elementor-container elementor-column-gap-no\">\n\t\t\t\t\t<div class=\"elementor-column elementor-col-100 elementor-top-column elementor-element elementor-element-bf0dd31\" data-id=\"bf0dd31\" data-element_type=\"column\">\n\t\t\t<div class=\"elementor-widget-wrap elementor-element-populated\">\n\t\t\t\t\t\t\t\t<div class=\"elementor-element elementor-element-4ff6377 elementor-widget elementor-widget-recent_portfolio\" data-id=\"4ff6377\" data-element_type=\"widget\" data-widget_type=\"recent_portfolio.default\">\n\t\t\t\t<div class=\"elementor-widget-container\">\n\t\t\t<div class=\"projects projects-recent\"><div class=\"projects-header clearfix\"><h2 class='title projects-title visible-lg pull-left' style=\"color: #FFFFFF;\">\u00dcR\u00dcNLER\u0130M\u0130ZDEN BAZILARI<\/h2><ul class=\"filter filter-dark pull-right filter-hidden\"><li><button data-filter=\"*\" class=\"selected\">All projects<\/button><\/li><li><button data-filter=\"urunlerimiz\">\u00dcr\u00fcnlerimiz<\/button><\/li><\/ul><\/div><div class=\"row projects-content\"><div class='projects-item col-xs-6 col-md-3 urunlerimiz'><div class=\"projects-item-wrap\"><img width=\"300\" height=\"240\" src=\"http:\/\/www.ozmersan.com.tr\/web\/wp-content\/uploads\/2023\/02\/1-2_1600x1200.jpg\" class=\"attachment-anps-portfolio size-anps-portfolio wp-post-image\" alt=\"\" loading=\"lazy\" \/><div class=\"project-hover-bg\"><\/div><div class=\"project-hover\"><h3 class='project-title text-uppercase'>CINDERELLA<\/h3><p>\u0130lyas beldesinde a\u00e7t\u0131\u011f\u0131m\u0131z Cinderella oca\u011f\u0131m\u0131z ile hizmetinize haz\u0131r\u0131z.<\/p><a class='btn btn-md' href='http:\/\/www.ozmersan.com.tr\/web\/?portfolio=cinderalla'>Read More<\/a><\/div><\/div><\/div><div class='projects-item col-xs-6 col-md-3 urunlerimiz'><div class=\"projects-item-wrap\"><img width=\"359\" height=\"283\" src=\"http:\/\/www.ozmersan.com.tr\/web\/wp-content\/uploads\/2020\/03\/saritraverten-359x283.jpg\" class=\"attachment-anps-portfolio size-anps-portfolio wp-post-image\" alt=\"\" loading=\"lazy\" \/><div class=\"project-hover-bg\"><\/div><div class=\"project-hover\"><h3 class='project-title text-uppercase'>Sar\u0131 Traverten<\/h3><p>D\u00fcnyaca \u00fcnl\u00fc \u00fcr\u00fcn\u00fcm\u00fcz, \u00f6zel mekanlarda rahatl\u0131kla uygulayabilece\u011finiz...<\/p><a class='btn btn-md' href='http:\/\/www.ozmersan.com.tr\/web\/?portfolio=water-recycling-pipelines'>Read More<\/a><\/div><\/div><\/div><div class='projects-item col-xs-6 col-md-3 urunlerimiz'><div class=\"projects-item-wrap\"><img width=\"359\" height=\"283\" src=\"http:\/\/www.ozmersan.com.tr\/web\/wp-content\/uploads\/2020\/03\/NocheTraverten-359x283.jpg\" class=\"attachment-anps-portfolio size-anps-portfolio wp-post-image\" alt=\"\" loading=\"lazy\" \/><div class=\"project-hover-bg\"><\/div><div class=\"project-hover\"><h3 class='project-title text-uppercase'>Noche Traverten<\/h3><p>Ad\u0131n\u0131 \u0130spanyolcadan alan ta\u015f\u0131m\u0131z, cila tutum verimlili\u011fi, su yollar\u0131ndaki...\r\n\r\n<\/p><a class='btn btn-md' href='http:\/\/www.ozmersan.com.tr\/web\/?portfolio=oil-pipeline-project'>Read More<\/a><\/div><\/div><\/div><div class='projects-item col-xs-6 col-md-3 urunlerimiz'><div class=\"projects-item-wrap\"><img width=\"359\" height=\"283\" src=\"http:\/\/www.ozmersan.com.tr\/web\/wp-content\/uploads\/2020\/03\/MediumTraverten-359x283.jpg\" class=\"attachment-anps-portfolio size-anps-portfolio wp-post-image\" alt=\"\" loading=\"lazy\" \/><div class=\"project-hover-bg\"><\/div><div class=\"project-hover\"><h3 class='project-title text-uppercase'>Med\u0131um Traverten<\/h3><p>Gerek Cross Cut gerekse Vein Cut en prestijli proje uygulamalar\u0131nda...<\/p><a class='btn btn-md' href='http:\/\/www.ozmersan.com.tr\/web\/?portfolio=refurbishing-old-gears'>Read More<\/a><\/div><\/div><\/div><\/div><div class=\"projects-pagination\" style=\"color: #FFFFFF;\"><button class=\"prev\"><i class=\"fa fa-angle-left\"><\/i><\/button><button class=\"next\"><i class=\"fa fa-angle-right\"><\/i><\/button><\/div><\/div>\t\t<\/div>\n\t\t\t\t<\/div>\n\t\t\t\t\t<\/div>\n\t\t<\/div>\n\t\t\t\t\t\t\t<\/div>\n\t\t<\/section>\n\t\t\t\t\t\t<\/div>\n\t\t\t\t\t<\/div>\n\t\t","protected":false},"excerpt":{"rendered":"<p>OCAKLARIMIZDAN BAZILARI CINDERELLA Devam\u0131 IRISH CREAM TRAVERTEN Devam\u0131 SARI TRAVERTEN Devam\u0131 NOCHE TRAVERTEN Devam\u0131 GOLD RIVER TRAVERTEN DEVAMI MEDIUM TRAVERTEN Devam\u0131 S\u0130VAS ONYX DEVAMI \u00dcR\u00dcNLER\u0130M\u0130ZDEN BAZILARI All projects \u00dcr\u00fcnlerimiz CINDERELLA \u0130lyas beldesinde a\u00e7t\u0131\u011f\u0131m\u0131z Cinderella oca\u011f\u0131m\u0131z ile hizmetinize haz\u0131r\u0131z. Read More &hellip;<\/p>\n","protected":false},"author":1,"featured_media":0,"parent":0,"menu_order":0,"comment_status":"closed","ping_status":"closed","template":"","meta":{"spay_email":""},"_links":{"self":[{"href":"http:\/\/www.ozmersan.com.tr\/web\/index.php?rest_route=\/wp\/v2\/pages\/368"}],"collection":[{"href":"http:\/\/www.ozmersan.com.tr\/web\/index.php?rest_route=\/wp\/v2\/pages"}],"about":[{"href":"http:\/\/www.ozmersan.com.tr\/web\/index.php?rest_route=\/wp\/v2\/types\/page"}],"author":[{"embeddable":true,"href":"http:\/\/www.ozmersan.com.tr\/web\/index.php?rest_route=\/wp\/v2\/users\/1"}],"replies":[{"embeddable":true,"href":"http:\/\/www.ozmersan.com.tr\/web\/index.php?rest_route=%2Fwp%2Fv2%2Fcomments&post=368"}],"version-history":[{"count":37,"href":"http:\/\/www.ozmersan.com.tr\/web\/index.php?rest_route=\/wp\/v2\/pages\/368\/revisions"}],"predecessor-version":[{"id":1947,"href":"http:\/\/www.ozmersan.com.tr\/web\/index.php?rest_route=\/wp\/v2\/pages\/368\/revisions\/1947"}],"wp:attachment":[{"href":"http:\/\/www.ozmersan.com.tr\/web\/index.php?rest_route=%2Fwp%2Fv2%2Fmedia&parent=368"}],"curies":[{"name":"wp","href":"https:\/\/api.w.org\/{rel}","templated":true}]}}