{"id":1883,"date":"2022-03-10T15:17:21","date_gmt":"2022-03-10T15:17:21","guid":{"rendered":"http:\/\/www.ozmersan.com.tr\/web\/?page_id=1883"},"modified":"2022-03-10T15:17:23","modified_gmt":"2022-03-10T15:17:23","slug":"aydinlatma-metni","status":"publish","type":"page","link":"http:\/\/www.ozmersan.com.tr\/web\/?page_id=1883","title":{"rendered":"AYDINLATMA METN\u0130"},"content":{"rendered":"\n<p><strong>\u00d6zmersan Mermer Makina \u0130n\u015faat \u0130thalat \u0130hracat Pazarlama Sanayi ve Ticaret Limited \u015eirketi<\/strong><\/p>\n\n\n\n<p><strong>K\u0130\u015e\u0130SEL VER\u0130LER\u0130N ELDE ED\u0130LMES\u0130, \u0130\u015eLENMES\u0130 VE KORUNMASINA HAKKINDA AYDINLATMA METN\u0130<\/strong><\/p>\n\n\n\n<p><strong>1- GENEL A\u00c7IKLAMA VE TANIMLAR<\/strong><\/p>\n\n\n\n<p>\u0130\u015f bu ayd\u0131nlatma metni, <strong>\u00d6zmersan Mermer Makina \u0130n\u015faat \u0130thalat \u0130hracat Pazarlama Sanayi ve Ticaret Limited \u015eirketi<\/strong>\u2019nin (\u015eirket) <strong>\u201cveri sorumlusu\u201d <\/strong>s\u0131fat\u0131yla, 6698 Say\u0131l\u0131 Ki\u015fisel Verilerin Korunmas\u0131 Kanunu\u2019nun (Kanun) 10\u2019uncu maddesi ile Ayd\u0131nlatma Y\u00fck\u00fcml\u00fcl\u00fc\u011f\u00fcn\u00fcn Yerine Getirilmesinde Uyulacak Usul ve Esaslar Hakk\u0131nda Tebli\u011f kapsam\u0131nda, <strong>\u201cayd\u0131nlatma y\u00fck\u00fcml\u00fcl\u00fc\u011f\u00fc\u201d<\/strong>n\u00fcn yerine getirilmesi amac\u0131yla haz\u0131rlanm\u0131\u015ft\u0131r.<\/p>\n\n\n\n<p>\u0130\u015f bu ayd\u0131nlatma metninde yer alan;<\/p>\n\n\n\n<p><strong>Ki\u015fisel veri:<\/strong> Kimli\u011fi belirli veya belirlenebilir ger\u00e7ek ki\u015fiye ili\u015fkin her t\u00fcrl\u00fc bilgi,<\/p>\n\n\n\n<p><strong>Ki\u015fisel verilerin i\u015flenmesi:<\/strong> Ki\u015fisel verilerin tamamen veya k\u0131smen otomatik olan ya da herhangi bir veri kay\u0131t sisteminin par\u00e7as\u0131 olmak kayd\u0131yla otomatik olmayan yollarla elde edilmesi, kaydedilmesi, depolanmas\u0131, muhafaza edilmesi, de\u011fi\u015ftirilmesi, yeniden d\u00fczenlenmesi, a\u00e7\u0131klanmas\u0131, aktar\u0131lmas\u0131, devral\u0131nmas\u0131, elde edilebilir h\u00e2le getirilmesi, s\u0131n\u0131fland\u0131r\u0131lmas\u0131 ya da kullan\u0131lmas\u0131n\u0131n engellenmesi gibi veriler \u00fczerinde ger\u00e7ekle\u015ftirilen her t\u00fcrl\u00fc i\u015flem,<\/p>\n\n\n\n<p><strong>\u0130lgili ki\u015fi: <\/strong>Ki\u015fisel verisi i\u015flenen ger\u00e7ek ki\u015fi,<\/p>\n\n\n\n<p><strong>Veri sorumlusu:<\/strong> Ki\u015fisel verilerin i\u015fleme ama\u00e7lar\u0131n\u0131 ve vas\u0131talar\u0131n\u0131 belirleyen, veri kay\u0131t sisteminin kurulmas\u0131ndan ve y\u00f6netilmesinden sorumlu olan ger\u00e7ek veya t\u00fczel ki\u015fi (burada \u015eirket),<\/p>\n\n\n\n<p>anlam\u0131na gelir.<\/p>\n\n\n\n<p><strong>2- VER\u0130 SORUMLUSU HAKKINDA B\u0130LG\u0130LER<\/strong><\/p>\n\n\n\n<p>T\u00fczel ki\u015filerde veri sorumlusu t\u00fczel ki\u015fili\u011fin kendisidir. T\u00fcrkiye\u2019de yerle\u015fik olan t\u00fczel ki\u015filerin Kanun kar\u015f\u0131s\u0131nda veri sorumlusu olarak y\u00fck\u00fcml\u00fcl\u00fckleri, t\u00fczel ki\u015fili\u011fi temsil ve ilzama yetkili organ\/ki\u015fi veya ki\u015filer marifetiyle yerine getirilir. T\u00fczel ki\u015fili\u011fi temsile yetkili organ, yerine getirilecek y\u00fck\u00fcml\u00fcl\u00fckler i\u00e7in bir veya birden fazla ki\u015fiyi g\u00f6revlendirebilir. Bu g\u00f6revlendirme t\u00fczel ki\u015fili\u011fin sorumlulu\u011funu ortadan kald\u0131rmaz. \u015eirket ayn\u0131 zamanda Veri Sorumlusu olup bilgileri a\u015fa\u011f\u0131da belirtildi\u011fi \u015fekildedir.<\/p>\n\n\n\n<figure class=\"wp-block-table\"><table><tbody><tr><td>Unvan\u0131<\/td><td>:<\/td><td><strong>\u00d6zmersan Mermer Makina \u0130n\u015faat \u0130thalat \u0130hracat Pazarlama Sanayi ve Ticaret Limited \u015eirketi<\/strong><\/td><\/tr><tr><td>Mersis Numaras\u0131<\/td><td>:<\/td><td>0703005198200016<\/td><\/tr><tr><td>Adresi<\/td><td>:<\/td><td>G\u00fcltepe mah. 3. Toptanc\u0131lar sok. no:2 D:405 S\u0130VAS<\/td><\/tr><tr><td>Telefonu<\/td><td>:<\/td><td>03462252544<\/td><\/tr><tr><td>Belgege\u00e7eri<\/td><td>:<\/td><td>03462254228<\/td><\/tr><tr><td>e-posta adresi<\/td><td>:<\/td><td>ozmersan@ozmersan.com.tr<\/td><\/tr><tr><td>Kay\u0131tl\u0131 Elektronik Posta (KEP) adresi<\/td><td>:<\/td><td>ozmersan@hs01.kep.tr<\/td><\/tr><tr><td>\u0130rtibat Ki\u015fisi<\/td><td>:<\/td><td>Eda Duman<\/td><\/tr><\/tbody><\/table><\/figure>\n\n\n\n<p><strong>3- VER\u0130 SORUMLUSUNUN Y\u00dcK\u00dcML\u00dcL\u00dcKLER\u0130<\/strong><\/p>\n\n\n\n<p>\u015eirket, ayd\u0131nlatma y\u00fck\u00fcml\u00fcl\u00fc\u011f\u00fc kapsam\u0131nda ilgili ki\u015filere; veri sorumlusunun ve varsa temsilcisinin kimli\u011fi, ki\u015fisel verilerin hangi ama\u00e7la i\u015flenece\u011fi, i\u015flenen ki\u015fisel verilerin kimlere ve hangi ama\u00e7la aktar\u0131labilece\u011fi, ki\u015fisel veri toplaman\u0131n y\u00f6ntemi ve hukuki sebebi, verisi i\u015flenen ki\u015filerin haklar\u0131n\u0131n neler oldu\u011fu konusunda bilgi vermekle y\u00fck\u00fcml\u00fcd\u00fcr. \u015eirket; ki\u015fisel verilerin hukuka ayk\u0131r\u0131 olarak i\u015flenmesini \u00f6nlemek, ki\u015fisel verilere hukuka ayk\u0131r\u0131 olarak eri\u015filmesini \u00f6nlemek, ki\u015fisel verilerin muhafazas\u0131n\u0131 sa\u011flamak amac\u0131yla gerekli tedbirleri almaktad\u0131r. \u015eirket, elde etti\u011fi ki\u015fisel verileri i\u015fleme amac\u0131 d\u0131\u015f\u0131nda kullanmamaktad\u0131r.<\/p>\n\n\n\n<p><strong>4- \u0130\u015eLENECEK K\u0130\u015e\u0130SEL VER\u0130LER<\/strong><\/p>\n\n\n\n<p>\u015eirket taraf\u0131ndan i\u015flenecek ki\u015fisel veriler \u015funlar olup kanunlar\u0131n gerekli k\u0131ld\u0131\u011f\u0131 ve\/veya ihtiya\u00e7 duyuldu\u011fu hallerde bu bilgilere yenileri ilave edilebilir ve\/veya bilgilerde de\u011fi\u015fiklik yap\u0131labilir: Kimlik verileri (ad-soyad, TC kimlik no, do\u011fum tarihi, do\u011fum yeri, imza, cinsiyet, medeni hal, bakmakla y\u00fck\u00fcml\u00fc olunan ki\u015filerin ad soyadlar\u0131, aile s\u0131ra no, birey s\u0131ra no, cilt no, n\u00fcfus c\u00fczdan\u0131 seri no, n\u00fcfusa kay\u0131tl\u0131 olunan yer, pasaport no, yabanc\u0131 kimlik no, ana baba ad\u0131), \u0130leti\u015fim verileri (adres, telefon, e-posta), Ceza mahkumiyeti verileri (adli sicil kayd\u0131), Finans verileri (IBAN no), Fiziksel mekan g\u00fcvenli\u011fi verileri (Kamera kayd\u0131, giri\u015f \u00e7\u0131k\u0131\u015f \u015fifresi), G\u00f6rsel ve i\u015fitsel veriler (foto\u011fraf), Hukuki i\u015flem verileri (adli makamlarla yaz\u0131\u015fmalar, dava dosyalar\u0131ndaki bilgiler), \u0130\u015flem g\u00fcvenli\u011fi verileri (IP adresi, parola), Mesleki deneyim verileri (unvan, \u00f6zge\u00e7mi\u015f, diploma, kurs, meslek i\u00e7i e\u011fitim), M\u00fc\u015fteri i\u015flem verileri (\u00c7ek, fatura, sipari\u015f bilgileri), \u00d6zl\u00fck verileri (askerlik durumu, bordro, disiplin, izin, i\u015fe giri\u015f \u00e7\u0131k\u0131\u015f kay\u0131tlar\u0131, \u00f6zge\u00e7mi\u015f, poli\u00e7e no), Sa\u011fl\u0131k verileri (kan grubu, engellilik, hastal\u0131k raporlar\u0131, kullan\u0131lan cihaz ve protezler), Pazarlama verileri (al\u0131\u015fveri\u015f ge\u00e7mi\u015fi bilgileri).<\/p>\n\n\n\n<p>\u015eirket ki\u015fisel verileri; hukuka ve d\u00fcr\u00fcstl\u00fck kurallar\u0131na uygun olma, do\u011fru ve gerekti\u011finde g\u00fcncel olma, belirli a\u00e7\u0131k ve me\u015fru ama\u00e7lar i\u00e7in i\u015flenme, i\u015flendikleri ama\u00e7la ba\u011flant\u0131l\u0131 s\u0131n\u0131rl\u0131 ve \u00f6l\u00e7\u00fcl\u00fc olma, ilgili mevzuatta \u00f6ng\u00f6r\u00fclen veya i\u015flendikleri ama\u00e7 i\u00e7in gerekli olan s\u00fcre kadar muhafaza edilme ilkelerine ba\u011fl\u0131 olarak i\u015flemektedir.<\/p>\n\n\n\n<p><strong>5- K\u0130\u015e\u0130SEL VER\u0130LER\u0130N ELDE ED\u0130LME Y\u00d6NTEMLER\u0130<\/strong><\/p>\n\n\n\n<p>Ki\u015fisel veriler otomatik ve\/veya otomatik olmayan \u015fekilde do\u011frudan ilgili ki\u015finin kendisinden temin edilebilece\u011fi gibi, verinin edinme amac\u0131na g\u00f6re dolayl\u0131 yollardan da (internet, fuar, toplant\u0131, yaz\u0131\u015fmalar, telefon, e-posta v.b.) temin edilebilmektedir.<\/p>\n\n\n\n<p><strong>6- K\u0130\u015e\u0130SEL VER\u0130LER\u0130N \u0130\u015eLENME AMA\u00c7LARI<\/strong><\/p>\n\n\n\n<p>\u015eirket, ki\u015fisel verileri a\u015fa\u011f\u0131daki ama\u00e7lar do\u011frultusunda i\u015flemektedir:<\/p>\n\n\n\n<p>Acil Durum Y\u00f6netimi S\u00fcre\u00e7lerinin Y\u00fcr\u00fct\u00fclmesi, Bilgi G\u00fcvenli\u011fi S\u00fcre\u00e7lerinin Y\u00fcr\u00fct\u00fclmesi, \u00c7al\u0131\u015fan Aday\u0131 \/ Stajyer \/ \u00d6\u011frenci Se\u00e7me Ve Yerle\u015ftirme S\u00fcre\u00e7lerinin Y\u00fcr\u00fct\u00fclmesi, \u00c7al\u0131\u015fan Adaylar\u0131n\u0131n Ba\u015fvuru S\u00fcre\u00e7lerinin Y\u00fcr\u00fct\u00fclmesi, \u00c7al\u0131\u015fanlar \u0130\u00e7in \u0130\u015f Akdi Ve Mevzuattan Kaynakl\u0131 Y\u00fck\u00fcml\u00fcl\u00fcklerin Yerine Getirilmesi, \u00c7al\u0131\u015fanlar \u0130\u00e7in Yan Haklar Ve Menfaatleri S\u00fcre\u00e7lerinin Y\u00fcr\u00fct\u00fclmesi, E\u011fitim Faaliyetlerinin Y\u00fcr\u00fct\u00fclmesi, Eri\u015fim Yetkilerinin Y\u00fcr\u00fct\u00fclmesi, Faaliyetlerin Mevzuata Uygun Y\u00fcr\u00fct\u00fclmesi, Finans Ve Muhasebe \u0130\u015flerinin Y\u00fcr\u00fct\u00fclmesi, Fiziksel Mekan G\u00fcvenli\u011finin Temini, G\u00f6revlendirme S\u00fcre\u00e7lerinin Y\u00fcr\u00fct\u00fclmesi, Hukuk \u0130\u015flerinin Takibi Ve Y\u00fcr\u00fct\u00fclmesi, \u0130leti\u015fim Faaliyetlerinin Y\u00fcr\u00fct\u00fclmesi, \u0130nsan Kaynaklar\u0131 S\u00fcre\u00e7lerinin Planlanmas\u0131, \u0130\u015f Sa\u011fl\u0131\u011f\u0131 \/ G\u00fcvenli\u011fi Faaliyetlerinin Y\u00fcr\u00fct\u00fclmesi, Mal \/ Hizmet Sat\u0131n Al\u0131m S\u00fcre\u00e7lerinin Y\u00fcr\u00fct\u00fclmesi, Mal \/ Hizmet Sat\u0131\u015f S\u00fcre\u00e7lerinin Y\u00fcr\u00fct\u00fclmesi, Mal \/ Hizmet \u00dcretim Ve Operasyon S\u00fcre\u00e7lerinin Y\u00fcr\u00fct\u00fclmesi, M\u00fc\u015fteri \u0130li\u015fkileri Y\u00f6netimi S\u00fcre\u00e7lerinin Y\u00fcr\u00fct\u00fclmesi, Saklama Ve Ar\u015fiv Faaliyetlerinin Y\u00fcr\u00fct\u00fclmesi, S\u00f6zle\u015fme S\u00fcre\u00e7lerinin Y\u00fcr\u00fct\u00fclmesi, Tedarik Zinciri Y\u00f6netimi S\u00fcre\u00e7lerinin Y\u00fcr\u00fct\u00fclmesi, \u00dccret Politikas\u0131n\u0131n Y\u00fcr\u00fct\u00fclmesi, \u00dcr\u00fcn \/ Hizmetlerin Pazarlama S\u00fcre\u00e7lerinin Y\u00fcr\u00fct\u00fclmesi, Yetkili Ki\u015fi, Kurum Ve Kurulu\u015flara Bilgi Verilmesi, Y\u00f6netim Faaliyetlerinin Y\u00fcr\u00fct\u00fclmesi, Yabanc\u0131 Personel \u00c7al\u0131\u015fma Ve Oturma \u0130zni \u0130\u015flemleri, Pazarlama Analiz \u00c7al\u0131\u015fmalar\u0131n\u0131n Y\u00fcr\u00fct\u00fclmesi, Ziyaret\u00e7i Kay\u0131tlar\u0131n\u0131n Olu\u015fturulmas\u0131 Ve Takibi, Performans De\u011ferlendirme S\u00fcre\u00e7lerinin Y\u00fcr\u00fct\u00fclmesi.<\/p>\n\n\n\n<p><strong>7- K\u0130\u015e\u0130SEL VER\u0130LER\u0130N \u0130\u015eLENMES\u0130N\u0130N HUKUK\u0130 SEBEPLER\u0130<\/strong><\/p>\n\n\n\n<p>\u015eirket; Kanunlarda a\u00e7\u0131k\u00e7a \u00f6ng\u00f6r\u00fclmesi, S\u00f6zle\u015fmenin kurulmas\u0131 ve ifas\u0131, Veri sorumlusunun me\u015fru menfaati, Ki\u015finin kendisi taraf\u0131ndan verinin alenile\u015ftirilmesi, Fiili imk\u00e2ns\u0131zl\u0131k, hayat ve beden b\u00fct\u00fcnl\u00fc\u011f\u00fc, Hukuki y\u00fck\u00fcml\u00fcl\u00fc\u011f\u00fcn yerine getirilmesi, Hakk\u0131n tesisi, kullan\u0131lmas\u0131 veya korunmas\u0131 hukuki sebeplerine istinaden ki\u015fisel verileri i\u015flemektedir. Bu hukuki sebeplerden en az birinin varl\u0131\u011f\u0131 halinde a\u00e7\u0131k r\u0131za olmaks\u0131z\u0131n, yoklu\u011fu halinde ise ancak ilgili ki\u015finin \u201ca\u00e7\u0131k r\u0131zas\u0131\u201d al\u0131narak ki\u015fisel veriler i\u015flenir. \u00d6zel nitelikli ki\u015fisel veriler (ki\u015filerin \u0131rk\u0131, etnik k\u00f6keni, siyasi d\u00fc\u015f\u00fcncesi, felsefi inanc\u0131, dini, mezhebi veya di\u011fer inan\u00e7lar\u0131, k\u0131l\u0131k ve k\u0131yafeti, dernek, vak\u0131f ya da sendika \u00fcyeli\u011fi, sa\u011fl\u0131\u011f\u0131, cinsel hayat\u0131, ceza mahk\u00fbmiyeti ve g\u00fcvenlik tedbirleriyle ilgili verileri ile biyometrik ve genetik verileri)&nbsp; ilgili ki\u015finin a\u00e7\u0131k r\u0131zas\u0131 yada Kanun\u2019da say\u0131lan s\u0131n\u0131rl\u0131 hallerde i\u015flenebilir.<\/p>\n\n\n\n<p><strong>8- K\u0130\u015e\u0130SEL VER\u0130LER\u0130N AKTARIMI VE KORUNMASI<\/strong><\/p>\n\n\n\n<p>\u015eirket i\u015flenme ama\u00e7lar\u0131yla ayn\u0131 ama\u00e7lar\u0131 g\u00f6zeterek ve hukuki sebeplere uygun olarak ki\u015fisel verileri; vergi ve sosyal g\u00fcvenlik kanunlar\u0131 ile di\u011fer kanun ve sair mevzuat h\u00fck\u00fcmlerinin zorunlu k\u0131ld\u0131\u011f\u0131\/izin verdi\u011fi yetkili kamu kurum ve kurulu\u015flar\u0131na, ger\u00e7ek ki\u015filer veya \u00f6zel hukuk t\u00fczel ki\u015filerine (tedarik\u00e7ilere, dan\u0131\u015fmanl\u0131k ve ba\u011f\u0131ms\u0131z denetim hizmeti al\u0131nan firmalara, avukatlara, mali m\u00fc\u015favirlere, bankalara v.b.) ilgili ki\u015finin Kanun kapsam\u0131ndaki haklar\u0131n\u0131n sakl\u0131 kalmas\u0131 ko\u015fuluyla aktarabilecektir.<\/p>\n\n\n\n<p><strong>9- K\u0130\u015e\u0130SEL VER\u0130LER\u0130N SAKLANMA S\u00dcRES\u0130<\/strong><\/p>\n\n\n\n<p>\u015eirket, ki\u015fisel verilerin i\u015flenme amac\u0131n\u0131n ortadan kalkmas\u0131, kanunlar ve di\u011fer sair mevzuat kapsam\u0131nda belirlenen zorunlu saklama s\u00fcrelerinin dolmas\u0131yla bilirlikte ki\u015fisel verileri imha eder, siler, yok eder veya anonim hale getirir<\/p>\n\n\n\n<p><strong>10- \u0130LG\u0130L\u0130 K\u0130\u015e\u0130N\u0130N HAKLARI<\/strong><\/p>\n\n\n\n<p>\u0130lgili ki\u015fi Veri Sorumlusuna Ba\u015fvuru Usul ve Esaslar\u0131 Hakk\u0131nda Tebli\u011f\u2019e g\u00f6re veri sorumlusuna ba\u015fvurarak, kendisi hakk\u0131nda ki\u015fisel veri i\u015flenip i\u015flenmedi\u011fini \u00f6\u011frenme, ki\u015fisel verileri i\u015flenmi\u015fse buna ili\u015fkin bilgi talep etme, ki\u015fisel verilerin i\u015flenme amac\u0131n\u0131 ve bunlar\u0131n amac\u0131na uygun kullan\u0131l\u0131p kullan\u0131lmad\u0131\u011f\u0131n\u0131 \u00f6\u011frenme, yurt i\u00e7inde veya yurt d\u0131\u015f\u0131nda ki\u015fisel verilerin aktar\u0131ld\u0131\u011f\u0131 \u00fc\u00e7\u00fcnc\u00fc ki\u015fileri bilme, ki\u015fisel verilerin eksik veya yanl\u0131\u015f i\u015flenmi\u015f olmas\u0131 h\u00e2linde bunlar\u0131n d\u00fczeltilmesini isteme, kanunda \u00f6ng\u00f6r\u00fclen \u015fartlar \u00e7er\u00e7evesinde ki\u015fisel verilerin silinmesini veya yok edilmesini isteme, ki\u015fisel verilerle ilgili de\u011fi\u015fiklilerin, ki\u015fisel verilerin aktar\u0131ld\u0131\u011f\u0131 \u00fc\u00e7\u00fcnc\u00fc ki\u015filere bildirilmesini isteme, i\u015flenen verilerin m\u00fcnhas\u0131ran otomatik sistemler vas\u0131tas\u0131yla analiz edilmesi suretiyle ki\u015finin kendisi aleyhine bir sonucun ortaya \u00e7\u0131kmas\u0131na itiraz etme, ki\u015fisel verilerin kanuna ayk\u0131r\u0131 olarak i\u015flenmesi sebebiyle zarara u\u011framas\u0131 h\u00e2linde zarar\u0131n giderilmesini talep etme haklar\u0131na sahiptir.<\/p>\n\n\n\n<p><strong>11- VER\u0130 SORUMLUSUNA BA\u015eVURU<\/strong><\/p>\n\n\n\n<p>\u0130lgili ki\u015filer, 10\u2019uncu maddede belirtilen haklar\u0131 i\u00e7in; yaz\u0131l\u0131, kay\u0131tl\u0131 elektronik posta (KEP) adresi, g\u00fcvenli elektronik imza veya mobil imza, ki\u015fisel verisi i\u015flenen ki\u015fi taraf\u0131ndan \u015eirket\u2019e daha \u00f6nce bildirilen ve \u015eirket\u2019in sisteminde kay\u0131tl\u0131 bulunan elektronik posta ileti\u015fim kanallar\u0131ndan birini kullanarak \u015eirket\u2019in i\u015f bu metnin 2\u2019inci maddesinde yer alan ileti\u015fim kanallar\u0131 vas\u0131tas\u0131yla T\u00fcrk\u00e7e olarak ba\u015fvurabilirler. Ba\u015fvurularda; ad, soyad ve ba\u015fvuru yaz\u0131l\u0131 ise imza, T\u00fcrkiye Cumhuriyeti vatanda\u015flar\u0131 i\u00e7in T.C. kimlik numaras\u0131, yabanc\u0131lar i\u00e7in uyru\u011fu, pasaport numaras\u0131 veya varsa kimlik numaras\u0131, tebligata esas yerle\u015fim yeri veya i\u015f yeri adresi, varsa bildirime esas elektronik posta adresi, telefon ve faks numaras\u0131, talep konusu unsurlar\u0131n\u0131n bulunmas\u0131 zorunludur. Varsa ilgili bilgi ve belgeler ba\u015fvuruya eklenmelidir. Ba\u015fvuru, \u201cBa\u015fvuru Talep Formu\u201d kullan\u0131lmak suretiyle de yap\u0131labilir. \u015eirket, ba\u015fvuruda yer alan talepleri, talebin niteli\u011fine g\u00f6re en k\u0131sa s\u00fcrede ve en ge\u00e7 otuz g\u00fcn i\u00e7inde \u00fccretsiz olarak sonu\u00e7land\u0131r\u0131r. Ancak, i\u015flemin ayr\u0131ca bir maliyet gerektirmesi h\u00e2linde, \u201cVeri Sorumlusuna Ba\u015fvuru Usul Ve Esaslar\u0131 Hakk\u0131nda Tebli\u011f\u201din 7\u2019nci maddesinde belirtilen tutarda \u00fccret al\u0131nabilir. \u015eirket talebi kabul edip i\u015fleme koyabilir veya gerek\u00e7esini a\u00e7\u0131klayarak talebi yaz\u0131l\u0131 usulle reddedebilir. Yap\u0131lan ba\u015fvurunun \u015eirket\u00e7e reddedilmesi, verilen cevab\u0131n yetersiz bulunmas\u0131 veya s\u00fcresinde ba\u015fvuruya cevap verilmemesi h\u00e2llerinde; cevab\u0131n tebli\u011fini takip eden otuz ve her h\u00e2lde ba\u015fvuru tarihinden itibaren altm\u0131\u015f g\u00fcn i\u00e7inde ilgilinin Ki\u015fisel Verileri Koruma Kurumu\u2019na \u015fik\u00e2yette bulunma hakk\u0131 mevcuttur. Ancak ba\u015fvuru yolu t\u00fcketilmeden \u015fik\u00e2yet yoluna gidilemez.<\/p>\n\n\n\n<p><strong>12- DE\u011e\u0130\u015e\u0130KL\u0130K VE G\u00dcNCELLEMELER<\/strong><\/p>\n\n\n\n<p>\u0130\u015f bu ayd\u0131nlatma metni, 6698 say\u0131l\u0131 Kanun ve Kanun kapsam\u0131nda yay\u0131nlanm\u0131\u015f olan Y\u00f6netmelik ve Tebli\u011fler ile \u015eirket\u2019in ki\u015fisel veri i\u015fleme ama\u00e7 ve politikalar\u0131na uygun olarak haz\u0131rlanm\u0131\u015ft\u0131r. \u0130lgili yasal mevzuat ve\/veya \u015eirket\u2019in ki\u015fisel veri i\u015fleme ama\u00e7 ve politikalar\u0131nda meydana gelecek de\u011fi\u015fiklikler do\u011frultusunda ayd\u0131nlatma metninde g\u00fcncelleme yap\u0131labilir.<\/p>\n","protected":false},"excerpt":{"rendered":"<p>\u00d6zmersan Mermer Makina \u0130n\u015faat \u0130thalat \u0130hracat Pazarlama Sanayi ve Ticaret Limited \u015eirketi K\u0130\u015e\u0130SEL VER\u0130LER\u0130N ELDE ED\u0130LMES\u0130, \u0130\u015eLENMES\u0130 VE KORUNMASINA HAKKINDA AYDINLATMA METN\u0130 1- GENEL A\u00c7IKLAMA VE TANIMLAR \u0130\u015f bu ayd\u0131nlatma metni, \u00d6zmersan Mermer Makina \u0130n\u015faat \u0130thalat \u0130hracat Pazarlama Sanayi ve &hellip;<\/p>\n","protected":false},"author":1,"featured_media":0,"parent":0,"menu_order":0,"comment_status":"closed","ping_status":"closed","template":"","meta":{"spay_email":""},"_links":{"self":[{"href":"http:\/\/www.ozmersan.com.tr\/web\/index.php?rest_route=\/wp\/v2\/pages\/1883"}],"collection":[{"href":"http:\/\/www.ozmersan.com.tr\/web\/index.php?rest_route=\/wp\/v2\/pages"}],"about":[{"href":"http:\/\/www.ozmersan.com.tr\/web\/index.php?rest_route=\/wp\/v2\/types\/page"}],"author":[{"embeddable":true,"href":"http:\/\/www.ozmersan.com.tr\/web\/index.php?rest_route=\/wp\/v2\/users\/1"}],"replies":[{"embeddable":true,"href":"http:\/\/www.ozmersan.com.tr\/web\/index.php?rest_route=%2Fwp%2Fv2%2Fcomments&post=1883"}],"version-history":[{"count":1,"href":"http:\/\/www.ozmersan.com.tr\/web\/index.php?rest_route=\/wp\/v2\/pages\/1883\/revisions"}],"predecessor-version":[{"id":1884,"href":"http:\/\/www.ozmersan.com.tr\/web\/index.php?rest_route=\/wp\/v2\/pages\/1883\/revisions\/1884"}],"wp:attachment":[{"href":"http:\/\/www.ozmersan.com.tr\/web\/index.php?rest_route=%2Fwp%2Fv2%2Fmedia&parent=1883"}],"curies":[{"name":"wp","href":"https:\/\/api.w.org\/{rel}","templated":true}]}}