{"id":128,"date":"2020-03-16T13:16:30","date_gmt":"2020-03-16T13:16:30","guid":{"rendered":"http:\/\/localhost\/epb_industrial_demos\/2\/?page_id=128"},"modified":"2023-02-13T21:45:58","modified_gmt":"2023-02-13T21:45:58","slug":"services","status":"publish","type":"page","link":"http:\/\/www.ozmersan.com.tr\/web\/?page_id=128","title":{"rendered":"Ocaklar\u0131m\u0131z"},"content":{"rendered":"\t\t<div data-elementor-type=\"wp-page\" data-elementor-id=\"128\" class=\"elementor elementor-128\" data-elementor-settings=\"[]\">\n\t\t\t\t\t\t\t<div class=\"elementor-section-wrap\">\n\t\t\t\t\t\t\t<section class=\"elementor-section elementor-top-section elementor-element elementor-element-0e29748 elementor-section-boxed elementor-section-height-default elementor-section-height-default\" data-id=\"0e29748\" data-element_type=\"section\">\n\t\t\t\t\t\t<div class=\"elementor-container elementor-column-gap-default\">\n\t\t\t\t\t<div class=\"elementor-column elementor-col-100 elementor-top-column elementor-element elementor-element-a741bf5\" data-id=\"a741bf5\" data-element_type=\"column\">\n\t\t\t<div class=\"elementor-widget-wrap elementor-element-populated\">\n\t\t\t\t\t\t\t\t<div class=\"elementor-element elementor-element-4e074bc elementor-widget elementor-widget-heading\" data-id=\"4e074bc\" data-element_type=\"widget\" data-widget_type=\"heading.default\">\n\t\t\t\t<div class=\"elementor-widget-container\">\n\t\t\t<h3 class='heading-left  divider-sm'  style=\"color:#000000\"><span>OCAKLARIMIZ<\/span><\/h3>\t\t<\/div>\n\t\t\t\t<\/div>\n\t\t\t\t\t<\/div>\n\t\t<\/div>\n\t\t\t\t\t\t\t<\/div>\n\t\t<\/section>\n\t\t\t\t<section class=\"elementor-section elementor-top-section elementor-element elementor-element-5688da7 elementor-section-stretched elementor-section-boxed elementor-section-height-default elementor-section-height-default\" data-id=\"5688da7\" data-element_type=\"section\" data-settings=\"{&quot;stretch_section&quot;:&quot;section-stretched&quot;,&quot;background_background&quot;:&quot;classic&quot;}\">\n\t\t\t\t\t\t<div class=\"elementor-container elementor-column-gap-default\">\n\t\t\t\t\t<div class=\"elementor-column elementor-col-33 elementor-top-column elementor-element elementor-element-4d919334\" data-id=\"4d919334\" data-element_type=\"column\">\n\t\t\t<div class=\"elementor-widget-wrap elementor-element-populated\">\n\t\t\t\t\t\t\t\t<div class=\"elementor-element elementor-element-41016e66 elementor-widget elementor-widget-featured_content\" data-id=\"41016e66\" data-element_type=\"widget\" data-widget_type=\"featured_content.default\">\n\t\t\t\t<div class=\"elementor-widget-container\">\n\t\t\t<div class='featured featured-has-link featured-has-icon'><div class='featured-header'><a target='_self' href='?page_id=112'><img alt='SARI TRAVERTEN' src='http:\/\/www.ozmersan.com.tr\/web\/wp-content\/uploads\/2021\/09\/3-4.jpg'\/><\/a><\/div><div class='featured-content'><h3 class='featured-title text-uppercase'><a target='_self' href='?page_id=112'><i class='fas fa-chart-area'><\/i>SARI TRAVERTEN<\/a><\/h3><a class='btn btn-md btn-minimal' target='_self' href='?page_id=112'>Devam\u0131<\/a><\/div><\/div>\t\t<\/div>\n\t\t\t\t<\/div>\n\t\t\t\t<div class=\"elementor-element elementor-element-e240819 elementor-widget elementor-widget-spacer\" data-id=\"e240819\" data-element_type=\"widget\" data-widget_type=\"spacer.default\">\n\t\t\t\t<div class=\"elementor-widget-container\">\n\t\t\t\t\t<div class=\"elementor-spacer\">\n\t\t\t<div class=\"elementor-spacer-inner\"><\/div>\n\t\t<\/div>\n\t\t\t\t<\/div>\n\t\t\t\t<\/div>\n\t\t\t\t<div class=\"elementor-element elementor-element-41aa250c elementor-widget elementor-widget-featured_content\" data-id=\"41aa250c\" data-element_type=\"widget\" data-widget_type=\"featured_content.default\">\n\t\t\t\t<div class=\"elementor-widget-container\">\n\t\t\t<div class='featured featured-has-link featured-has-icon'><div class='featured-header'><a target='_self' href='?page_id=106'><img alt='IRISH CREAM TRAVERTEN' src='http:\/\/www.ozmersan.com.tr\/web\/wp-content\/uploads\/2021\/10\/1-7.jpg'\/><\/a><\/div><div class='featured-content'><h3 class='featured-title text-uppercase'><a target='_self' href='?page_id=106'><i class='fas fa-plug'><\/i>IRISH CREAM TRAVERTEN<\/a><\/h3><a class='btn btn-md btn-minimal' target='_self' href='?page_id=106'>Devam\u0131<\/a><\/div><\/div>\t\t<\/div>\n\t\t\t\t<\/div>\n\t\t\t\t<div class=\"elementor-element elementor-element-896b7bb elementor-widget elementor-widget-spacer\" data-id=\"896b7bb\" data-element_type=\"widget\" data-widget_type=\"spacer.default\">\n\t\t\t\t<div class=\"elementor-widget-container\">\n\t\t\t\t\t<div class=\"elementor-spacer\">\n\t\t\t<div class=\"elementor-spacer-inner\"><\/div>\n\t\t<\/div>\n\t\t\t\t<\/div>\n\t\t\t\t<\/div>\n\t\t\t\t<div class=\"elementor-element elementor-element-7c4e9a6 elementor-widget elementor-widget-featured_content\" data-id=\"7c4e9a6\" data-element_type=\"widget\" data-widget_type=\"featured_content.default\">\n\t\t\t\t<div class=\"elementor-widget-container\">\n\t\t\t<div class='featured featured-has-link featured-has-icon'><div class='featured-header'><a target='_self' href='?page_id=1117'><img alt='CINDERALLA' src='http:\/\/www.ozmersan.com.tr\/web\/wp-content\/uploads\/2023\/02\/47ceb874-68e5-4821-82ae-305fa4be4849-1.jpg'\/><\/a><\/div><div class='featured-content'><h3 class='featured-title text-uppercase'><a target='_self' href='?page_id=1117'><i class='fas fa-plug'><\/i>CINDERALLA<\/a><\/h3><a class='btn btn-md btn-minimal' target='_self' href='?page_id=1117'>Devam\u0131<\/a><\/div><\/div>\t\t<\/div>\n\t\t\t\t<\/div>\n\t\t\t\t\t<\/div>\n\t\t<\/div>\n\t\t\t\t<div class=\"elementor-column elementor-col-33 elementor-top-column elementor-element elementor-element-e957687\" data-id=\"e957687\" data-element_type=\"column\">\n\t\t\t<div class=\"elementor-widget-wrap elementor-element-populated\">\n\t\t\t\t\t\t\t\t<div class=\"elementor-element elementor-element-2d6e9c62 elementor-widget elementor-widget-featured_content\" data-id=\"2d6e9c62\" data-element_type=\"widget\" data-widget_type=\"featured_content.default\">\n\t\t\t\t<div class=\"elementor-widget-container\">\n\t\t\t<div class='featured featured-has-link featured-has-icon'><div class='featured-header'><a target='_self' href='?page_id=100'><img alt='NOCHE TRAVERTEN' src='http:\/\/www.ozmersan.com.tr\/web\/wp-content\/uploads\/2021\/12\/1-3.jpg'\/><\/a><\/div><div class='featured-content'><h3 class='featured-title text-uppercase'><a target='_self' href='?page_id=100'><i class='far fa-sun'><\/i>NOCHE TRAVERTEN<\/a><\/h3><a class='btn btn-md btn-minimal' target='_self' href='?page_id=100'>Devam\u0131<\/a><\/div><\/div>\t\t<\/div>\n\t\t\t\t<\/div>\n\t\t\t\t<div class=\"elementor-element elementor-element-7361fe5 elementor-widget elementor-widget-spacer\" data-id=\"7361fe5\" data-element_type=\"widget\" data-widget_type=\"spacer.default\">\n\t\t\t\t<div class=\"elementor-widget-container\">\n\t\t\t\t\t<div class=\"elementor-spacer\">\n\t\t\t<div class=\"elementor-spacer-inner\"><\/div>\n\t\t<\/div>\n\t\t\t\t<\/div>\n\t\t\t\t<\/div>\n\t\t\t\t<div class=\"elementor-element elementor-element-347743f2 elementor-widget elementor-widget-featured_content\" data-id=\"347743f2\" data-element_type=\"widget\" data-widget_type=\"featured_content.default\">\n\t\t\t\t<div class=\"elementor-widget-container\">\n\t\t\t<div class='featured featured-has-link featured-has-icon'><div class='featured-header'><a target='_self' href='?page_id=114'><img alt='GOLD RIVER TRAVERTEN' src='http:\/\/www.ozmersan.com.tr\/web\/wp-content\/uploads\/2021\/10\/8-7.jpg'\/><\/a><\/div><div class='featured-content'><h3 class='featured-title text-uppercase'><a target='_self' href='?page_id=114'><i class='fas fa-puzzle-piece'><\/i>GOLD RIVER TRAVERTEN<\/a><\/h3><a class='btn btn-md btn-minimal' target='_self' href='?page_id=114'>DEVAMI<\/a><\/div><\/div>\t\t<\/div>\n\t\t\t\t<\/div>\n\t\t\t\t\t<\/div>\n\t\t<\/div>\n\t\t\t\t<div class=\"elementor-column elementor-col-33 elementor-top-column elementor-element elementor-element-7a0a6b12\" data-id=\"7a0a6b12\" data-element_type=\"column\">\n\t\t\t<div class=\"elementor-widget-wrap elementor-element-populated\">\n\t\t\t\t\t\t\t\t<div class=\"elementor-element elementor-element-78d1e01 elementor-widget elementor-widget-featured_content\" data-id=\"78d1e01\" data-element_type=\"widget\" data-widget_type=\"featured_content.default\">\n\t\t\t\t<div class=\"elementor-widget-container\">\n\t\t\t<div class='featured featured-has-link featured-has-icon'><div class='featured-header'><a target='_self' href='?page_id=102'><img alt='MEDIUM TRAVERTEN' src='http:\/\/www.ozmersan.com.tr\/web\/wp-content\/uploads\/2021\/12\/722-2.jpg'\/><\/a><\/div><div class='featured-content'><h3 class='featured-title text-uppercase'><a target='_self' href='?page_id=102'><i class='fas fa-flask'><\/i>MEDIUM TRAVERTEN<\/a><\/h3><a class='btn btn-md btn-minimal' target='_self' href='?page_id=102'>Devam\u0131<\/a><\/div><\/div>\t\t<\/div>\n\t\t\t\t<\/div>\n\t\t\t\t<div class=\"elementor-element elementor-element-4ef9eb0b elementor-widget elementor-widget-spacer\" data-id=\"4ef9eb0b\" data-element_type=\"widget\" data-widget_type=\"spacer.default\">\n\t\t\t\t<div class=\"elementor-widget-container\">\n\t\t\t\t\t<div class=\"elementor-spacer\">\n\t\t\t<div class=\"elementor-spacer-inner\"><\/div>\n\t\t<\/div>\n\t\t\t\t<\/div>\n\t\t\t\t<\/div>\n\t\t\t\t<div class=\"elementor-element elementor-element-54583cac elementor-widget elementor-widget-featured_content\" data-id=\"54583cac\" data-element_type=\"widget\" data-widget_type=\"featured_content.default\">\n\t\t\t\t<div class=\"elementor-widget-container\">\n\t\t\t<div class='featured featured-has-link featured-has-icon'><div class='featured-header'><a target='_self' href='?page_id=122'><img alt='S\u0130VAS ONYX' src='http:\/\/www.ozmersan.com.tr\/web\/wp-content\/uploads\/2021\/10\/7-10.jpg'\/><\/a><\/div><div class='featured-content'><h3 class='featured-title text-uppercase'><a target='_self' href='?page_id=122'><i class='fas fa-fire'><\/i>S\u0130VAS ONYX<\/a><\/h3><a class='btn btn-md btn-minimal' target='_self' href='?page_id=122'>DEVAMI<\/a><\/div><\/div>\t\t<\/div>\n\t\t\t\t<\/div>\n\t\t\t\t\t<\/div>\n\t\t<\/div>\n\t\t\t\t\t\t\t<\/div>\n\t\t<\/section>\n\t\t\t\t\t\t<\/div>\n\t\t\t\t\t<\/div>\n\t\t","protected":false},"excerpt":{"rendered":"<p>OCAKLARIMIZ SARI TRAVERTEN Devam\u0131 IRISH CREAM TRAVERTEN Devam\u0131 CINDERALLA Devam\u0131 NOCHE TRAVERTEN Devam\u0131 GOLD RIVER TRAVERTEN DEVAMI MEDIUM TRAVERTEN Devam\u0131 S\u0130VAS ONYX DEVAMI<\/p>\n","protected":false},"author":1,"featured_media":0,"parent":0,"menu_order":0,"comment_status":"closed","ping_status":"closed","template":"elementor_header_footer","meta":{"spay_email":""},"_links":{"self":[{"href":"http:\/\/www.ozmersan.com.tr\/web\/index.php?rest_route=\/wp\/v2\/pages\/128"}],"collection":[{"href":"http:\/\/www.ozmersan.com.tr\/web\/index.php?rest_route=\/wp\/v2\/pages"}],"about":[{"href":"http:\/\/www.ozmersan.com.tr\/web\/index.php?rest_route=\/wp\/v2\/types\/page"}],"author":[{"embeddable":true,"href":"http:\/\/www.ozmersan.com.tr\/web\/index.php?rest_route=\/wp\/v2\/users\/1"}],"replies":[{"embeddable":true,"href":"http:\/\/www.ozmersan.com.tr\/web\/index.php?rest_route=%2Fwp%2Fv2%2Fcomments&post=128"}],"version-history":[{"count":50,"href":"http:\/\/www.ozmersan.com.tr\/web\/index.php?rest_route=\/wp\/v2\/pages\/128\/revisions"}],"predecessor-version":[{"id":1909,"href":"http:\/\/www.ozmersan.com.tr\/web\/index.php?rest_route=\/wp\/v2\/pages\/128\/revisions\/1909"}],"wp:attachment":[{"href":"http:\/\/www.ozmersan.com.tr\/web\/index.php?rest_route=%2Fwp%2Fv2%2Fmedia&parent=128"}],"curies":[{"name":"wp","href":"https:\/\/api.w.org\/{rel}","templated":true}]}}