{"id":126,"date":"2020-03-16T13:14:09","date_gmt":"2020-03-16T13:14:09","guid":{"rendered":"http:\/\/localhost\/epb_industrial_demos\/2\/?page_id=126"},"modified":"2022-03-09T09:49:30","modified_gmt":"2022-03-09T09:49:30","slug":"projects","status":"publish","type":"page","link":"http:\/\/www.ozmersan.com.tr\/web\/?page_id=126","title":{"rendered":"\u00dcr\u00fcnlerimiz"},"content":{"rendered":"\t\t<div data-elementor-type=\"wp-page\" data-elementor-id=\"126\" class=\"elementor elementor-126\" data-elementor-settings=\"[]\">\n\t\t\t\t\t\t\t<div class=\"elementor-section-wrap\">\n\t\t\t\t\t\t\t<section class=\"elementor-section elementor-top-section elementor-element elementor-element-138e42c0 elementor-section-boxed elementor-section-height-default elementor-section-height-default\" data-id=\"138e42c0\" data-element_type=\"section\">\n\t\t\t\t\t\t<div class=\"elementor-container elementor-column-gap-default\">\n\t\t\t\t\t<div class=\"elementor-column elementor-col-100 elementor-top-column elementor-element elementor-element-46ae41e2\" data-id=\"46ae41e2\" data-element_type=\"column\">\n\t\t\t<div class=\"elementor-widget-wrap elementor-element-populated\">\n\t\t\t\t\t\t\t\t<div class=\"elementor-element elementor-element-2260f9de elementor-widget elementor-widget-text-editor\" data-id=\"2260f9de\" data-element_type=\"widget\" data-widget_type=\"text-editor.default\">\n\t\t\t\t<div class=\"elementor-widget-container\">\n\t\t\t\t\t\t\t<p><div class=\"projects\"><div class='row projects-content'><div class='projects-item ?r?nlerimiz col-md-4 col-xs-6'><div class='projects-item-wrap'><img src=\"http:\/\/www.ozmersan.com.tr\/web\/wp-content\/uploads\/2023\/02\/1-2_1600x1200.jpg\" alt=\"\" \/><div class=\"project-hover-bg\"><\/div><div class=\"project-hover\"><h3 class='project-title text-uppercase'>CINDERELLA<\/h3><p class='project-desc'>\u0130lyas beldesinde a\u00e7t\u0131\u011f\u0131m\u0131z Cinderella oca\u011f\u0131m\u0131z ile hizmetinize haz\u0131r\u0131z.<\/p><a class='btn btn-md' href='http:\/\/www.ozmersan.com.tr\/web\/?portfolio=cinderalla'>Read more<\/a><\/div><\/div><\/div><div class='projects-item ?r?nlerimiz col-md-4 col-xs-6'><div class='projects-item-wrap'><img src=\"http:\/\/www.ozmersan.com.tr\/web\/wp-content\/uploads\/2020\/03\/saritraverten-359x283.jpg\" alt=\"\" \/><div class=\"project-hover-bg\"><\/div><div class=\"project-hover\"><h3 class='project-title text-uppercase'>Sar\u0131 Traverten<\/h3><p class='project-desc'>D\u00fcnyaca \u00fcnl\u00fc \u00fcr\u00fcn\u00fcm\u00fcz, \u00f6zel mekanlarda rahatl\u0131kla uygulayabilece\u011finiz&#8230;<\/p><a class='btn btn-md' href='http:\/\/www.ozmersan.com.tr\/web\/?portfolio=water-recycling-pipelines'>Read more<\/a><\/div><\/div><\/div><div class='projects-item ?r?nlerimiz col-md-4 col-xs-6'><div class='projects-item-wrap'><img src=\"http:\/\/www.ozmersan.com.tr\/web\/wp-content\/uploads\/2020\/03\/NocheTraverten-359x283.jpg\" alt=\"\" \/><div class=\"project-hover-bg\"><\/div><div class=\"project-hover\"><h3 class='project-title text-uppercase'>Noche Traverten<\/h3><p class='project-desc'>Ad\u0131n\u0131 \u0130spanyolcadan alan ta\u015f\u0131m\u0131z, cila tutum verimlili\u011fi, su yollar\u0131ndaki&#8230;\r\n\r\n<\/p><a class='btn btn-md' href='http:\/\/www.ozmersan.com.tr\/web\/?portfolio=oil-pipeline-project'>Read more<\/a><\/div><\/div><\/div><div class='projects-item ?r?nlerimiz col-md-4 col-xs-6'><div class='projects-item-wrap'><img src=\"http:\/\/www.ozmersan.com.tr\/web\/wp-content\/uploads\/2020\/03\/MediumTraverten-359x283.jpg\" alt=\"\" \/><div class=\"project-hover-bg\"><\/div><div class=\"project-hover\"><h3 class='project-title text-uppercase'>Med\u0131um Traverten<\/h3><p class='project-desc'>Gerek Cross Cut gerekse Vein Cut en prestijli proje uygulamalar\u0131nda&#8230;<\/p><a class='btn btn-md' href='http:\/\/www.ozmersan.com.tr\/web\/?portfolio=refurbishing-old-gears'>Read more<\/a><\/div><\/div><\/div><div class='projects-item ?r?nlerimiz col-md-4 col-xs-6'><div class='projects-item-wrap'><img src=\"http:\/\/www.ozmersan.com.tr\/web\/wp-content\/uploads\/2020\/03\/IRISHCREAM-359x283.jpg\" alt=\"\" \/><div class=\"project-hover-bg\"><\/div><div class=\"project-hover\"><h3 class='project-title text-uppercase'>IRISH CREAM TRAVERTEN<\/h3><p class='project-desc'>Gerek su yollar\u0131ndaki belirginli\u011fi, gerekse cross cut kesimdeki yap\u0131s\u0131&#8230;<\/p><a class='btn btn-md' href='http:\/\/www.ozmersan.com.tr\/web\/?portfolio=gear-manufacturing'>Read more<\/a><\/div><\/div><\/div><div class='projects-item ?r?nlerimiz col-md-4 col-xs-6'><div class='projects-item-wrap'><img src=\"http:\/\/www.ozmersan.com.tr\/web\/wp-content\/uploads\/2020\/03\/GOLD-RIVER2-2-359x283.jpg\" alt=\"\" \/><div class=\"project-hover-bg\"><\/div><div class=\"project-hover\"><h3 class='project-title text-uppercase'>GOLD RIVER TRAVERTEN<\/h3><p class='project-desc'>Ger\u00e7ekten farkl\u0131 mekanlar\u0131 ama\u00e7layanlar\u0131n isteklerine hitap edecek, gerek cross cut gerekse vein cut uygulanabilme \u00f6zelli\u011fi, renklerdeki ahenkli ge\u00e7i\u015fleriyle GOLD RIVER TRAVERTEN<\/p><a class='btn btn-md' href='http:\/\/www.ozmersan.com.tr\/web\/?portfolio=cnf-machine-engineering'>Read more<\/a><\/div><\/div><\/div><div class='projects-item ?r?nlerimiz col-md-4 col-xs-6'><div class='projects-item-wrap'><img src=\"http:\/\/www.ozmersan.com.tr\/web\/wp-content\/uploads\/2020\/03\/SivasOnyx-359x283.jpg\" alt=\"\" \/><div class=\"project-hover-bg\"><\/div><div class=\"project-hover\"><h3 class='project-title text-uppercase'>Sivas Onyx<\/h3><p class='project-desc'>\u00dczerindeki desenleriyle, \u0131\u015f\u0131k ge\u00e7irgenli\u011fi ve dayan\u0131kl\u0131 yap\u0131s\u0131yla \u00f6zel&#8230;<\/p><a class='btn btn-md' href='http:\/\/www.ozmersan.com.tr\/web\/?portfolio=iron-cnc-part'>Read more<\/a><\/div><\/div><\/div><\/div><\/div>\u00a0 \u00a0<\/p>\t\t\t\t\t\t<\/div>\n\t\t\t\t<\/div>\n\t\t\t\t\t<\/div>\n\t\t<\/div>\n\t\t\t\t\t\t\t<\/div>\n\t\t<\/section>\n\t\t\t\t\t\t<\/div>\n\t\t\t\t\t<\/div>\n\t\t","protected":false},"excerpt":{"rendered":"<p>\u00a0 \u00a0<\/p>\n","protected":false},"author":1,"featured_media":0,"parent":0,"menu_order":0,"comment_status":"closed","ping_status":"closed","template":"","meta":{"spay_email":""},"_links":{"self":[{"href":"http:\/\/www.ozmersan.com.tr\/web\/index.php?rest_route=\/wp\/v2\/pages\/126"}],"collection":[{"href":"http:\/\/www.ozmersan.com.tr\/web\/index.php?rest_route=\/wp\/v2\/pages"}],"about":[{"href":"http:\/\/www.ozmersan.com.tr\/web\/index.php?rest_route=\/wp\/v2\/types\/page"}],"author":[{"embeddable":true,"href":"http:\/\/www.ozmersan.com.tr\/web\/index.php?rest_route=\/wp\/v2\/users\/1"}],"replies":[{"embeddable":true,"href":"http:\/\/www.ozmersan.com.tr\/web\/index.php?rest_route=%2Fwp%2Fv2%2Fcomments&post=126"}],"version-history":[{"count":28,"href":"http:\/\/www.ozmersan.com.tr\/web\/index.php?rest_route=\/wp\/v2\/pages\/126\/revisions"}],"predecessor-version":[{"id":1860,"href":"http:\/\/www.ozmersan.com.tr\/web\/index.php?rest_route=\/wp\/v2\/pages\/126\/revisions\/1860"}],"wp:attachment":[{"href":"http:\/\/www.ozmersan.com.tr\/web\/index.php?rest_route=%2Fwp%2Fv2%2Fmedia&parent=126"}],"curies":[{"name":"wp","href":"https:\/\/api.w.org\/{rel}","templated":true}]}}