{"id":1117,"date":"2021-10-01T19:07:34","date_gmt":"2021-10-01T19:07:34","guid":{"rendered":"http:\/\/www.ozmersan.com.tr\/web\/?page_id=1117"},"modified":"2023-02-14T08:14:25","modified_gmt":"2023-02-14T08:14:25","slug":"red-onyx","status":"publish","type":"page","link":"http:\/\/www.ozmersan.com.tr\/web\/?page_id=1117","title":{"rendered":"CINDERELLA"},"content":{"rendered":"\t\t<div data-elementor-type=\"wp-page\" data-elementor-id=\"1117\" class=\"elementor elementor-1117\" data-elementor-settings=\"[]\">\n\t\t\t\t\t\t\t<div class=\"elementor-section-wrap\">\n\t\t\t\t\t\t\t<section class=\"elementor-section elementor-top-section elementor-element elementor-element-56eb950 elementor-section-boxed elementor-section-height-default elementor-section-height-default\" data-id=\"56eb950\" data-element_type=\"section\">\n\t\t\t\t\t\t<div class=\"elementor-container elementor-column-gap-default\">\n\t\t\t\t\t<div class=\"elementor-column elementor-col-50 elementor-top-column elementor-element elementor-element-1804d48\" data-id=\"1804d48\" data-element_type=\"column\">\n\t\t\t<div class=\"elementor-widget-wrap elementor-element-populated\">\n\t\t\t\t\t\t\t\t<div class=\"elementor-element elementor-element-0084c09 elementor-widget elementor-widget-heading\" data-id=\"0084c09\" data-element_type=\"widget\" data-widget_type=\"heading.default\">\n\t\t\t\t<div class=\"elementor-widget-container\">\n\t\t\t<h3 class='heading-left  divider-sm'  style=\"color:#000000\"><span>CINDERELLA<\/span><\/h3>\t\t<\/div>\n\t\t\t\t<\/div>\n\t\t\t\t<div class=\"elementor-element elementor-element-a0098b7 elementor-widget elementor-widget-text-editor\" data-id=\"a0098b7\" data-element_type=\"widget\" data-widget_type=\"text-editor.default\">\n\t\t\t\t<div class=\"elementor-widget-container\">\n\t\t\t\t\t\t\t<p>\u0130lyas beldesinde a\u00e7t\u0131\u011f\u0131m\u0131z Cinderella oca\u011f\u0131m\u0131z ile hizmetinize haz\u0131r\u0131z.<\/p>\t\t\t\t\t\t<\/div>\n\t\t\t\t<\/div>\n\t\t\t\t<div class=\"elementor-element elementor-element-1c68bf7 elementor-widget elementor-widget-heading\" data-id=\"1c68bf7\" data-element_type=\"widget\" data-widget_type=\"heading.default\">\n\t\t\t\t<div class=\"elementor-widget-container\">\n\t\t\t<h5 class='heading-left  divider-sm'  style=\"color:#000000\"><span>OCA\u011eIMIZDAN RES\u0130MLER<\/span><\/h5>\t\t<\/div>\n\t\t\t\t<\/div>\n\t\t\t\t\t<\/div>\n\t\t<\/div>\n\t\t\t\t<div class=\"elementor-column elementor-col-50 elementor-top-column elementor-element elementor-element-50fc85d\" data-id=\"50fc85d\" data-element_type=\"column\">\n\t\t\t<div class=\"elementor-widget-wrap elementor-element-populated\">\n\t\t\t\t\t\t\t\t<div class=\"elementor-element elementor-element-383878e elementor-widget elementor-widget-gallery_slider\" data-id=\"383878e\" data-element_type=\"widget\" data-widget_type=\"gallery_slider.default\">\n\t\t\t\t<div class=\"elementor-widget-container\">\n\t\t\t<div class=\"gallery-fs\"><figure><img src=\"http:\/\/www.ozmersan.com.tr\/web\/wp-content\/uploads\/2023\/02\/2-2_1600x1200.jpg\" alt=\"\"><\/figure><div class=\"gallery-fs-nav\"><button class=\"gallery-fs-fullscreen\"><i class=\"fa fa-arrows-alt\"><\/i><\/button><\/div><div class=\"gallery-fs-thumbnails gallery-fs-thumbnails-col-5 owl-carousel owl-loaded\"><a href='http:\/\/www.ozmersan.com.tr\/web\/wp-content\/uploads\/2023\/02\/2-2_1600x1200.jpg' data-caption='2 (2)_1600x1200' title='2 (2)_1600x1200' class=\"selected\"><img class='attachment-anps-gallery-thumb size-anps-gallery-thumb' src=http:\/\/www.ozmersan.com.tr\/web\/wp-content\/uploads\/2023\/02\/2-2_1600x1200.jpg sizes='(max-width: 280px) 100vw, 280px' width='280' height='158'><\/a><a href='http:\/\/www.ozmersan.com.tr\/web\/wp-content\/uploads\/2023\/02\/5_1600x1200.jpg' data-caption='5_1600x1200' title='5_1600x1200'><img class='attachment-anps-gallery-thumb size-anps-gallery-thumb' src=http:\/\/www.ozmersan.com.tr\/web\/wp-content\/uploads\/2023\/02\/5_1600x1200.jpg sizes='(max-width: 280px) 100vw, 280px' width='280' height='158'><\/a><a href='http:\/\/www.ozmersan.com.tr\/web\/wp-content\/uploads\/2023\/02\/14_1600x1200.jpg' data-caption='14_1600x1200' title='14_1600x1200'><img class='attachment-anps-gallery-thumb size-anps-gallery-thumb' src=http:\/\/www.ozmersan.com.tr\/web\/wp-content\/uploads\/2023\/02\/14_1600x1200.jpg sizes='(max-width: 280px) 100vw, 280px' width='280' height='158'><\/a><a href='http:\/\/www.ozmersan.com.tr\/web\/wp-content\/uploads\/2023\/02\/42_1600x1200.jpg' data-caption='42_1600x1200' title='42_1600x1200'><img class='attachment-anps-gallery-thumb size-anps-gallery-thumb' src=http:\/\/www.ozmersan.com.tr\/web\/wp-content\/uploads\/2023\/02\/42_1600x1200.jpg sizes='(max-width: 280px) 100vw, 280px' width='280' height='158'><\/a><a href='http:\/\/www.ozmersan.com.tr\/web\/wp-content\/uploads\/2023\/02\/47ceb874-68e5-4821-82ae-305fa4be4849.jpg' data-caption='47ceb874-68e5-4821-82ae-305fa4be4849' title='47ceb874-68e5-4821-82ae-305fa4be4849'><img class='attachment-anps-gallery-thumb size-anps-gallery-thumb' src=http:\/\/www.ozmersan.com.tr\/web\/wp-content\/uploads\/2023\/02\/47ceb874-68e5-4821-82ae-305fa4be4849.jpg sizes='(max-width: 280px) 100vw, 280px' width='280' height='158'><\/a><a href='http:\/\/www.ozmersan.com.tr\/web\/wp-content\/uploads\/2023\/02\/204a0192-d1d7-4f70-8bd4-65f01572b98a.jpg' data-caption='204a0192-d1d7-4f70-8bd4-65f01572b98a' title='204a0192-d1d7-4f70-8bd4-65f01572b98a'><img class='attachment-anps-gallery-thumb size-anps-gallery-thumb' src=http:\/\/www.ozmersan.com.tr\/web\/wp-content\/uploads\/2023\/02\/204a0192-d1d7-4f70-8bd4-65f01572b98a.jpg sizes='(max-width: 280px) 100vw, 280px' width='280' height='158'><\/a><a href='http:\/\/www.ozmersan.com.tr\/web\/wp-content\/uploads\/2023\/02\/d0b6f308-5938-404d-9072-3fdb5a564639.jpg' data-caption='d0b6f308-5938-404d-9072-3fdb5a564639' title='d0b6f308-5938-404d-9072-3fdb5a564639'><img class='attachment-anps-gallery-thumb size-anps-gallery-thumb' src=http:\/\/www.ozmersan.com.tr\/web\/wp-content\/uploads\/2023\/02\/d0b6f308-5938-404d-9072-3fdb5a564639.jpg sizes='(max-width: 280px) 100vw, 280px' width='280' height='158'><\/a><a href='http:\/\/www.ozmersan.com.tr\/web\/wp-content\/uploads\/2023\/02\/d02485ed-7460-46e1-aa51-1b148c249ba0.jpg' data-caption='d02485ed-7460-46e1-aa51-1b148c249ba0' title='d02485ed-7460-46e1-aa51-1b148c249ba0'><img class='attachment-anps-gallery-thumb size-anps-gallery-thumb' src=http:\/\/www.ozmersan.com.tr\/web\/wp-content\/uploads\/2023\/02\/d02485ed-7460-46e1-aa51-1b148c249ba0.jpg sizes='(max-width: 280px) 100vw, 280px' width='280' height='158'><\/a><a href='http:\/\/www.ozmersan.com.tr\/web\/wp-content\/uploads\/2023\/02\/e0395ec5-8cc7-4137-bf4c-7f65d4cf8caa.jpg' data-caption='e0395ec5-8cc7-4137-bf4c-7f65d4cf8caa' title='e0395ec5-8cc7-4137-bf4c-7f65d4cf8caa'><img class='attachment-anps-gallery-thumb size-anps-gallery-thumb' src=http:\/\/www.ozmersan.com.tr\/web\/wp-content\/uploads\/2023\/02\/e0395ec5-8cc7-4137-bf4c-7f65d4cf8caa.jpg sizes='(max-width: 280px) 100vw, 280px' width='280' height='158'><\/a><a href='http:\/\/www.ozmersan.com.tr\/web\/wp-content\/uploads\/2023\/02\/grey.jpg' data-caption='grey' title='grey'><img class='attachment-anps-gallery-thumb size-anps-gallery-thumb' src=http:\/\/www.ozmersan.com.tr\/web\/wp-content\/uploads\/2023\/02\/grey.jpg sizes='(max-width: 280px) 100vw, 280px' width='280' height='158'><\/a><\/div><\/div>\t\t<\/div>\n\t\t\t\t<\/div>\n\t\t\t\t\t<\/div>\n\t\t<\/div>\n\t\t\t\t\t\t\t<\/div>\n\t\t<\/section>\n\t\t\t\t\t\t<\/div>\n\t\t\t\t\t<\/div>\n\t\t","protected":false},"excerpt":{"rendered":"<p>CINDERELLA \u0130lyas beldesinde a\u00e7t\u0131\u011f\u0131m\u0131z Cinderella oca\u011f\u0131m\u0131z ile hizmetinize haz\u0131r\u0131z. OCA\u011eIMIZDAN RES\u0130MLER<\/p>\n","protected":false},"author":1,"featured_media":0,"parent":0,"menu_order":0,"comment_status":"closed","ping_status":"closed","template":"elementor_header_footer","meta":{"spay_email":""},"_links":{"self":[{"href":"http:\/\/www.ozmersan.com.tr\/web\/index.php?rest_route=\/wp\/v2\/pages\/1117"}],"collection":[{"href":"http:\/\/www.ozmersan.com.tr\/web\/index.php?rest_route=\/wp\/v2\/pages"}],"about":[{"href":"http:\/\/www.ozmersan.com.tr\/web\/index.php?rest_route=\/wp\/v2\/types\/page"}],"author":[{"embeddable":true,"href":"http:\/\/www.ozmersan.com.tr\/web\/index.php?rest_route=\/wp\/v2\/users\/1"}],"replies":[{"embeddable":true,"href":"http:\/\/www.ozmersan.com.tr\/web\/index.php?rest_route=%2Fwp%2Fv2%2Fcomments&post=1117"}],"version-history":[{"count":15,"href":"http:\/\/www.ozmersan.com.tr\/web\/index.php?rest_route=\/wp\/v2\/pages\/1117\/revisions"}],"predecessor-version":[{"id":1915,"href":"http:\/\/www.ozmersan.com.tr\/web\/index.php?rest_route=\/wp\/v2\/pages\/1117\/revisions\/1915"}],"wp:attachment":[{"href":"http:\/\/www.ozmersan.com.tr\/web\/index.php?rest_route=%2Fwp%2Fv2%2Fmedia&parent=1117"}],"curies":[{"name":"wp","href":"https:\/\/api.w.org\/{rel}","templated":true}]}}