{"id":104,"date":"2020-03-16T13:08:32","date_gmt":"2020-03-16T13:08:32","guid":{"rendered":"http:\/\/localhost\/epb_industrial_demos\/2\/?page_id=104"},"modified":"2021-10-14T15:28:47","modified_gmt":"2021-10-14T15:28:47","slug":"contact-us","status":"publish","type":"page","link":"http:\/\/www.ozmersan.com.tr\/web\/?page_id=104","title":{"rendered":"\u0130leti\u015fim"},"content":{"rendered":"\t\t<div data-elementor-type=\"wp-page\" data-elementor-id=\"104\" class=\"elementor elementor-104\" data-elementor-settings=\"[]\">\n\t\t\t\t\t\t\t<div class=\"elementor-section-wrap\">\n\t\t\t\t\t\t\t<section class=\"elementor-section elementor-top-section elementor-element elementor-element-726e84f elementor-section-stretched elementor-section-full_width elementor-section-height-default elementor-section-height-default\" data-id=\"726e84f\" data-element_type=\"section\" data-settings=\"{&quot;stretch_section&quot;:&quot;section-stretched&quot;}\">\n\t\t\t\t\t\t<div class=\"elementor-container elementor-column-gap-default\">\n\t\t\t\t\t<div class=\"elementor-column elementor-col-100 elementor-top-column elementor-element elementor-element-76e2972\" data-id=\"76e2972\" data-element_type=\"column\">\n\t\t\t<div class=\"elementor-widget-wrap elementor-element-populated\">\n\t\t\t\t\t\t\t\t<div class=\"elementor-element elementor-element-06675af elementor-widget elementor-widget-html\" data-id=\"06675af\" data-element_type=\"widget\" data-widget_type=\"html.default\">\n\t\t\t\t<div class=\"elementor-widget-container\">\n\t\t\t<iframe src=\"https:\/\/www.google.com\/maps\/embed?pb=!1m14!1m8!1m3!1d12273.505402181943!2d37.0032425!3d39.7311962!3m2!1i1024!2i768!4f13.1!3m3!1m2!1s0x0%3A0x6b3face2a435394b!2sMAQAM%20OFFICE%20%7C%20S%C4%B0VAS!5e0!3m2!1str!2str!4v1634218857868!5m2!1str!2str\" width=\"600\" height=\"450\" style=\"border:0;\" allowfullscreen=\"\" loading=\"lazy\"><\/iframe>\t\t<\/div>\n\t\t\t\t<\/div>\n\t\t\t\t\t<\/div>\n\t\t<\/div>\n\t\t\t\t\t\t\t<\/div>\n\t\t<\/section>\n\t\t\t\t<section class=\"elementor-section elementor-top-section elementor-element elementor-element-c977aee elementor-section-boxed elementor-section-height-default elementor-section-height-default\" data-id=\"c977aee\" data-element_type=\"section\">\n\t\t\t\t\t\t<div class=\"elementor-container elementor-column-gap-default\">\n\t\t\t\t\t<div class=\"elementor-column elementor-col-100 elementor-top-column elementor-element elementor-element-b0633ac\" data-id=\"b0633ac\" data-element_type=\"column\">\n\t\t\t<div class=\"elementor-widget-wrap elementor-element-populated\">\n\t\t\t\t\t\t\t\t<div class=\"elementor-element elementor-element-28168aa elementor-widget elementor-widget-heading\" data-id=\"28168aa\" data-element_type=\"widget\" data-widget_type=\"heading.default\">\n\t\t\t\t<div class=\"elementor-widget-container\">\n\t\t\t<h3 class='heading-left  divider-sm'  style=\"color:#000000\"><span>\u0130LET\u0130\u015e\u0130M<\/span><\/h3>\t\t<\/div>\n\t\t\t\t<\/div>\n\t\t\t\t\t<\/div>\n\t\t<\/div>\n\t\t\t\t\t\t\t<\/div>\n\t\t<\/section>\n\t\t\t\t<section class=\"elementor-section elementor-top-section elementor-element elementor-element-dabe712 elementor-section-boxed elementor-section-height-default elementor-section-height-default\" data-id=\"dabe712\" data-element_type=\"section\">\n\t\t\t\t\t\t<div class=\"elementor-container elementor-column-gap-default\">\n\t\t\t\t\t<div class=\"elementor-column elementor-col-50 elementor-top-column elementor-element elementor-element-2862ce9\" data-id=\"2862ce9\" data-element_type=\"column\">\n\t\t\t<div class=\"elementor-widget-wrap elementor-element-populated\">\n\t\t\t\t\t\t\t\t<div class=\"elementor-element elementor-element-ecdfc7e elementor-widget elementor-widget-contact_info\" data-id=\"ecdfc7e\" data-element_type=\"widget\" data-widget_type=\"contact_info.default\">\n\t\t\t\t<div class=\"elementor-widget-container\">\n\t\t\t<table class='info-table'><tbody><tr class='info-table-row'><th class='info-table-icon'><i class='fa fas fa-map-marked-alt'><\/i><\/th><td class='info-table-content'>MERKEZ ADRES<\/td><\/tr><tr class='info-table-row'><th class='info-table-icon'><i class='fa fas fa-long-arrow-alt-right'><\/i><\/th><td class='info-table-content'>\u00d6ZMERSAN MERMER LTD. \u015eT\u0130.<\/td><\/tr><tr class='info-table-row'><th class='info-table-icon'><i class='fa fas fa-map-marker-alt'><\/i><\/th><td class='info-table-content'>G\u00fcltepe Mah. 3.Toptanc\u0131lar Sok.Maqam Ofis A Blok No: 2\/405 MERKEZ\/S\u0130VAS<\/td><\/tr><tr class='info-table-row'><th class='info-table-icon'><i class='fa fas fa-phone'><\/i><\/th><td class='info-table-content'>+0346 225 25 44<\/td><\/tr><tr class='info-table-row'><th class='info-table-icon'><i class='fa fas fa-fax'><\/i><\/th><td class='info-table-content'>+0346 225 42 28<\/td><\/tr><tr class='info-table-row'><th class='info-table-icon'><i class='fa fas fa-mobile-alt'><\/i><\/th><td class='info-table-content'>+<\/td><\/tr><tr class='info-table-row'><th class='info-table-icon'><i class='fa fas fa-envelope'><\/i><\/th><td class='info-table-content'>ozmersan@ozmersan.com.tr<\/td><\/tr><tr class='info-table-row'><th class='info-table-icon'><i class='fa fas fa-globe'><\/i><\/th><td class='info-table-content'><strong><a href='www.ozmersan.com.tr'>www.ozmersan.com.tr<\/a><\/strong><\/td><\/tr><\/tbody><\/table>\t\t<\/div>\n\t\t\t\t<\/div>\n\t\t\t\t\t<\/div>\n\t\t<\/div>\n\t\t\t\t<div class=\"elementor-column elementor-col-50 elementor-top-column elementor-element elementor-element-304c6b8\" data-id=\"304c6b8\" data-element_type=\"column\">\n\t\t\t<div class=\"elementor-widget-wrap elementor-element-populated\">\n\t\t\t\t\t\t\t\t<div class=\"elementor-element elementor-element-a49a1a9 elementor-widget elementor-widget-shortcode\" data-id=\"a49a1a9\" data-element_type=\"widget\" data-widget_type=\"shortcode.default\">\n\t\t\t\t<div class=\"elementor-widget-container\">\n\t\t\t\t\t<div class=\"elementor-shortcode\"><div role=\"form\" class=\"wpcf7\" id=\"wpcf7-f5-o1\" lang=\"en-US\" dir=\"ltr\">\n<div class=\"screen-reader-response\"><p role=\"status\" aria-live=\"polite\" aria-atomic=\"true\"><\/p> <ul><\/ul><\/div>\n<form action=\"\/web\/index.php?rest_route=%2Fwp%2Fv2%2Fpages%2F104#wpcf7-f5-o1\" method=\"post\" class=\"wpcf7-form init\" novalidate=\"novalidate\" data-status=\"init\">\n<div style=\"display: none;\">\n<input type=\"hidden\" name=\"_wpcf7\" value=\"5\" \/>\n<input type=\"hidden\" name=\"_wpcf7_version\" value=\"5.5.2\" \/>\n<input type=\"hidden\" name=\"_wpcf7_locale\" value=\"en_US\" \/>\n<input type=\"hidden\" name=\"_wpcf7_unit_tag\" value=\"wpcf7-f5-o1\" \/>\n<input type=\"hidden\" name=\"_wpcf7_container_post\" value=\"0\" \/>\n<input type=\"hidden\" name=\"_wpcf7_posted_data_hash\" value=\"\" \/>\n<\/div>\n<p><label> Ad Soyad (Gerekli)<br \/>\n    <span class=\"wpcf7-form-control-wrap your-name\"><input type=\"text\" name=\"your-name\" value=\"\" size=\"40\" class=\"wpcf7-form-control wpcf7-text wpcf7-validates-as-required\" aria-required=\"true\" aria-invalid=\"false\" \/><\/span> <\/label><\/p>\n<p><label> E-mail (Gerekli)<br \/>\n    <span class=\"wpcf7-form-control-wrap your-email\"><input type=\"email\" name=\"your-email\" value=\"\" size=\"40\" class=\"wpcf7-form-control wpcf7-text wpcf7-email wpcf7-validates-as-required wpcf7-validates-as-email\" aria-required=\"true\" aria-invalid=\"false\" \/><\/span> <\/label><\/p>\n<p><label> Konu<br \/>\n    <span class=\"wpcf7-form-control-wrap your-subject\"><input type=\"text\" name=\"your-subject\" value=\"\" size=\"40\" class=\"wpcf7-form-control wpcf7-text\" aria-invalid=\"false\" \/><\/span> <\/label><\/p>\n<p><label> Mesaj<br \/>\n    <span class=\"wpcf7-form-control-wrap your-message\"><textarea name=\"your-message\" cols=\"40\" rows=\"10\" class=\"wpcf7-form-control wpcf7-textarea\" aria-invalid=\"false\"><\/textarea><\/span> <\/label><\/p>\n<p><input type=\"submit\" value=\"G\u00f6nder\" class=\"wpcf7-form-control has-spinner wpcf7-submit\" \/><\/p>\n<div class=\"wpcf7-response-output\" aria-hidden=\"true\"><\/div><\/form><\/div><\/div>\n\t\t\t\t<\/div>\n\t\t\t\t<\/div>\n\t\t\t\t\t<\/div>\n\t\t<\/div>\n\t\t\t\t\t\t\t<\/div>\n\t\t<\/section>\n\t\t\t\t\t\t<\/div>\n\t\t\t\t\t<\/div>\n\t\t","protected":false},"excerpt":{"rendered":"<p>\u0130LET\u0130\u015e\u0130M MERKEZ ADRES \u00d6ZMERSAN MERMER LTD. \u015eT\u0130. G\u00fcltepe Mah. 3.Toptanc\u0131lar Sok.Maqam Ofis A Blok No: 2\/405 MERKEZ\/S\u0130VAS +0346 225 25 44 +0346 225 42 28 + ozmersan@ozmersan.com.tr www.ozmersan.com.tr<\/p>\n","protected":false},"author":1,"featured_media":0,"parent":0,"menu_order":0,"comment_status":"closed","ping_status":"closed","template":"","meta":{"spay_email":""},"_links":{"self":[{"href":"http:\/\/www.ozmersan.com.tr\/web\/index.php?rest_route=\/wp\/v2\/pages\/104"}],"collection":[{"href":"http:\/\/www.ozmersan.com.tr\/web\/index.php?rest_route=\/wp\/v2\/pages"}],"about":[{"href":"http:\/\/www.ozmersan.com.tr\/web\/index.php?rest_route=\/wp\/v2\/types\/page"}],"author":[{"embeddable":true,"href":"http:\/\/www.ozmersan.com.tr\/web\/index.php?rest_route=\/wp\/v2\/users\/1"}],"replies":[{"embeddable":true,"href":"http:\/\/www.ozmersan.com.tr\/web\/index.php?rest_route=%2Fwp%2Fv2%2Fcomments&post=104"}],"version-history":[{"count":41,"href":"http:\/\/www.ozmersan.com.tr\/web\/index.php?rest_route=\/wp\/v2\/pages\/104\/revisions"}],"predecessor-version":[{"id":1525,"href":"http:\/\/www.ozmersan.com.tr\/web\/index.php?rest_route=\/wp\/v2\/pages\/104\/revisions\/1525"}],"wp:attachment":[{"href":"http:\/\/www.ozmersan.com.tr\/web\/index.php?rest_route=%2Fwp%2Fv2%2Fmedia&parent=104"}],"curies":[{"name":"wp","href":"https:\/\/api.w.org\/{rel}","templated":true}]}}