{"id":102,"date":"2020-03-16T13:08:03","date_gmt":"2020-03-16T13:08:03","guid":{"rendered":"http:\/\/localhost\/epb_industrial_demos\/2\/?page_id=102"},"modified":"2022-01-06T21:10:41","modified_gmt":"2022-01-06T21:10:41","slug":"cnc-industry","status":"publish","type":"page","link":"http:\/\/www.ozmersan.com.tr\/web\/?page_id=102","title":{"rendered":"MEDIUM TRAVERTEN"},"content":{"rendered":"\t\t<div data-elementor-type=\"wp-page\" data-elementor-id=\"102\" class=\"elementor elementor-102\" data-elementor-settings=\"[]\">\n\t\t\t\t\t\t\t<div class=\"elementor-section-wrap\">\n\t\t\t\t\t\t\t<section class=\"elementor-section elementor-top-section elementor-element elementor-element-6918483e elementor-section-boxed elementor-section-height-default elementor-section-height-default\" data-id=\"6918483e\" data-element_type=\"section\">\n\t\t\t\t\t\t<div class=\"elementor-container elementor-column-gap-default\">\n\t\t\t\t\t<div class=\"elementor-column elementor-col-50 elementor-top-column elementor-element elementor-element-4718e352\" data-id=\"4718e352\" data-element_type=\"column\">\n\t\t\t<div class=\"elementor-widget-wrap elementor-element-populated\">\n\t\t\t\t\t\t\t\t<div class=\"elementor-element elementor-element-48169283 elementor-widget elementor-widget-heading\" data-id=\"48169283\" data-element_type=\"widget\" data-widget_type=\"heading.default\">\n\t\t\t\t<div class=\"elementor-widget-container\">\n\t\t\t<h3 class='heading-left  divider-sm'  style=\"color:#000000\"><span>MEDIUM TRAVERTEN<\/span><\/h3>\t\t<\/div>\n\t\t\t\t<\/div>\n\t\t\t\t<div class=\"elementor-element elementor-element-6f00a261 elementor-widget elementor-widget-text-editor\" data-id=\"6f00a261\" data-element_type=\"widget\" data-widget_type=\"text-editor.default\">\n\t\t\t\t<div class=\"elementor-widget-container\">\n\t\t\t\t\t\t\t<p><em>Gerek Cross Cut gerekse Vein Cut en prestijli proje uygulamalar\u0131nda kullanabilece\u011finiz, do\u011fal ta\u015f\u0131n benli\u011fini yans\u0131tan yap\u0131s\u0131yla MEDIUM TRAVERTEN \u2026<\/em><\/p><p>\u00a0<\/p>\t\t\t\t\t\t<\/div>\n\t\t\t\t<\/div>\n\t\t\t\t<div class=\"elementor-element elementor-element-758eb1a8 elementor-widget elementor-widget-heading\" data-id=\"758eb1a8\" data-element_type=\"widget\" data-widget_type=\"heading.default\">\n\t\t\t\t<div class=\"elementor-widget-container\">\n\t\t\t<h5 class='heading-left  divider-sm'  style=\"color:#000000\"><span>OCA\u011eIMIZDAN RES\u0130MLER<\/span><\/h5>\t\t<\/div>\n\t\t\t\t<\/div>\n\t\t\t\t\t<\/div>\n\t\t<\/div>\n\t\t\t\t<div class=\"elementor-column elementor-col-50 elementor-top-column elementor-element elementor-element-2f911638\" data-id=\"2f911638\" data-element_type=\"column\">\n\t\t\t<div class=\"elementor-widget-wrap elementor-element-populated\">\n\t\t\t\t\t\t\t\t<div class=\"elementor-element elementor-element-7fd71a0b elementor-widget elementor-widget-gallery_slider\" data-id=\"7fd71a0b\" data-element_type=\"widget\" data-widget_type=\"gallery_slider.default\">\n\t\t\t\t<div class=\"elementor-widget-container\">\n\t\t\t<div class=\"gallery-fs\"><figure><img src=\"http:\/\/www.ozmersan.com.tr\/web\/wp-content\/uploads\/2022\/01\/99a98eed-728f-4b80-bea8-85816389932b.jpg\" alt=\"\"><\/figure><div class=\"gallery-fs-nav\"><button class=\"gallery-fs-fullscreen\"><i class=\"fa fa-arrows-alt\"><\/i><\/button><\/div><div class=\"gallery-fs-thumbnails gallery-fs-thumbnails-col-5 owl-carousel owl-loaded\"><a href='http:\/\/www.ozmersan.com.tr\/web\/wp-content\/uploads\/2022\/01\/99a98eed-728f-4b80-bea8-85816389932b.jpg' data-caption='KURUMSAL' title='KURUMSAL' class=\"selected\"><img class='attachment-anps-gallery-thumb size-anps-gallery-thumb' src=http:\/\/www.ozmersan.com.tr\/web\/wp-content\/uploads\/2022\/01\/99a98eed-728f-4b80-bea8-85816389932b.jpg sizes='(max-width: 280px) 100vw, 280px' width='280' height='158'><\/a><a href='http:\/\/www.ozmersan.com.tr\/web\/wp-content\/uploads\/2022\/01\/ba351596-5e41-42a2-ab32-96cabaacf6a4.jpg' data-caption='KURUMSAL' title='KURUMSAL'><img class='attachment-anps-gallery-thumb size-anps-gallery-thumb' src=http:\/\/www.ozmersan.com.tr\/web\/wp-content\/uploads\/2022\/01\/ba351596-5e41-42a2-ab32-96cabaacf6a4.jpg sizes='(max-width: 280px) 100vw, 280px' width='280' height='158'><\/a><a href='http:\/\/www.ozmersan.com.tr\/web\/wp-content\/uploads\/2022\/01\/MEDIUM-5.jpg' data-caption='' title=''><img class='attachment-anps-gallery-thumb size-anps-gallery-thumb' src=http:\/\/www.ozmersan.com.tr\/web\/wp-content\/uploads\/2022\/01\/MEDIUM-5.jpg sizes='(max-width: 280px) 100vw, 280px' width='280' height='158'><\/a><a href='http:\/\/www.ozmersan.com.tr\/web\/wp-content\/uploads\/2022\/01\/MEDIUM-12.jpg' data-caption='KURUMSAL' title='KURUMSAL'><img class='attachment-anps-gallery-thumb size-anps-gallery-thumb' src=http:\/\/www.ozmersan.com.tr\/web\/wp-content\/uploads\/2022\/01\/MEDIUM-12.jpg sizes='(max-width: 280px) 100vw, 280px' width='280' height='158'><\/a><a href='http:\/\/www.ozmersan.com.tr\/web\/wp-content\/uploads\/2022\/01\/2.jpg' data-caption='KURUMSAL' title='KURUMSAL'><img class='attachment-anps-gallery-thumb size-anps-gallery-thumb' src=http:\/\/www.ozmersan.com.tr\/web\/wp-content\/uploads\/2022\/01\/2.jpg sizes='(max-width: 280px) 100vw, 280px' width='280' height='158'><\/a><a href='http:\/\/www.ozmersan.com.tr\/web\/wp-content\/uploads\/2022\/01\/4.jpg' data-caption='KURUMSAL' title='KURUMSAL'><img class='attachment-anps-gallery-thumb size-anps-gallery-thumb' src=http:\/\/www.ozmersan.com.tr\/web\/wp-content\/uploads\/2022\/01\/4.jpg sizes='(max-width: 280px) 100vw, 280px' width='280' height='158'><\/a><\/div><\/div>\t\t<\/div>\n\t\t\t\t<\/div>\n\t\t\t\t\t<\/div>\n\t\t<\/div>\n\t\t\t\t\t\t\t<\/div>\n\t\t<\/section>\n\t\t\t\t\t\t<\/div>\n\t\t\t\t\t<\/div>\n\t\t","protected":false},"excerpt":{"rendered":"<p>MEDIUM TRAVERTEN Gerek Cross Cut gerekse Vein Cut en prestijli proje uygulamalar\u0131nda kullanabilece\u011finiz, do\u011fal ta\u015f\u0131n benli\u011fini yans\u0131tan yap\u0131s\u0131yla MEDIUM TRAVERTEN \u2026 OCA\u011eIMIZDAN FOTO\u011eRAFLAR<\/p>\n","protected":false},"author":1,"featured_media":0,"parent":0,"menu_order":0,"comment_status":"closed","ping_status":"closed","template":"elementor_header_footer","meta":{"spay_email":""},"_links":{"self":[{"href":"http:\/\/www.ozmersan.com.tr\/web\/index.php?rest_route=\/wp\/v2\/pages\/102"}],"collection":[{"href":"http:\/\/www.ozmersan.com.tr\/web\/index.php?rest_route=\/wp\/v2\/pages"}],"about":[{"href":"http:\/\/www.ozmersan.com.tr\/web\/index.php?rest_route=\/wp\/v2\/types\/page"}],"author":[{"embeddable":true,"href":"http:\/\/www.ozmersan.com.tr\/web\/index.php?rest_route=\/wp\/v2\/users\/1"}],"replies":[{"embeddable":true,"href":"http:\/\/www.ozmersan.com.tr\/web\/index.php?rest_route=%2Fwp%2Fv2%2Fcomments&post=102"}],"version-history":[{"count":32,"href":"http:\/\/www.ozmersan.com.tr\/web\/index.php?rest_route=\/wp\/v2\/pages\/102\/revisions"}],"predecessor-version":[{"id":1809,"href":"http:\/\/www.ozmersan.com.tr\/web\/index.php?rest_route=\/wp\/v2\/pages\/102\/revisions\/1809"}],"wp:attachment":[{"href":"http:\/\/www.ozmersan.com.tr\/web\/index.php?rest_route=%2Fwp%2Fv2%2Fmedia&parent=102"}],"curies":[{"name":"wp","href":"https:\/\/api.w.org\/{rel}","templated":true}]}}