{"id":100,"date":"2020-03-16T13:06:16","date_gmt":"2020-03-16T13:06:16","guid":{"rendered":"http:\/\/localhost\/epb_industrial_demos\/2\/?page_id=100"},"modified":"2022-01-06T21:14:50","modified_gmt":"2022-01-06T21:14:50","slug":"chemical-industry","status":"publish","type":"page","link":"http:\/\/www.ozmersan.com.tr\/web\/?page_id=100","title":{"rendered":"Noche Traverten"},"content":{"rendered":"\t\t<div data-elementor-type=\"wp-page\" data-elementor-id=\"100\" class=\"elementor elementor-100\" data-elementor-settings=\"[]\">\n\t\t\t\t\t\t\t<div class=\"elementor-section-wrap\">\n\t\t\t\t\t\t\t<section class=\"elementor-section elementor-top-section elementor-element elementor-element-5552dc5 elementor-section-boxed elementor-section-height-default elementor-section-height-default\" data-id=\"5552dc5\" data-element_type=\"section\">\n\t\t\t\t\t\t<div class=\"elementor-container elementor-column-gap-default\">\n\t\t\t\t\t<div class=\"elementor-column elementor-col-50 elementor-top-column elementor-element elementor-element-aa661a4\" data-id=\"aa661a4\" data-element_type=\"column\">\n\t\t\t<div class=\"elementor-widget-wrap elementor-element-populated\">\n\t\t\t\t\t\t\t\t<div class=\"elementor-element elementor-element-043b11f elementor-widget elementor-widget-heading\" data-id=\"043b11f\" data-element_type=\"widget\" data-widget_type=\"heading.default\">\n\t\t\t\t<div class=\"elementor-widget-container\">\n\t\t\t<h3 class='heading-left  divider-sm'  style=\"color:#000000\"><span>NOCHE TRAVERTEN<\/span><\/h3>\t\t<\/div>\n\t\t\t\t<\/div>\n\t\t\t\t<div class=\"elementor-element elementor-element-7b0dfba elementor-widget elementor-widget-text-editor\" data-id=\"7b0dfba\" data-element_type=\"widget\" data-widget_type=\"text-editor.default\">\n\t\t\t\t<div class=\"elementor-widget-container\">\n\t\t\t\t\t\t\t<p><em>Gerek su yollar\u0131ndaki belirginli\u011fi, gerekse cross cut kesimdeki yap\u0131s\u0131 itibariyle s\u00fcrekli tercih sebebi olan, yo\u011funlu\u011fu ve mukavemeti y\u00fcksek ta\u015f\u0131m\u0131z NOCHE TRAVERTEN\u2026 <br \/><br \/><\/em><\/p>\t\t\t\t\t\t<\/div>\n\t\t\t\t<\/div>\n\t\t\t\t<div class=\"elementor-element elementor-element-b8ce538 elementor-widget elementor-widget-heading\" data-id=\"b8ce538\" data-element_type=\"widget\" data-widget_type=\"heading.default\">\n\t\t\t\t<div class=\"elementor-widget-container\">\n\t\t\t<h5 class='heading-left  divider-sm'  style=\"color:#000000\"><span>OCA\u011eIMIZDAN RES\u0130MLER<\/span><\/h5>\t\t<\/div>\n\t\t\t\t<\/div>\n\t\t\t\t\t<\/div>\n\t\t<\/div>\n\t\t\t\t<div class=\"elementor-column elementor-col-50 elementor-top-column elementor-element elementor-element-e8c3585\" data-id=\"e8c3585\" data-element_type=\"column\">\n\t\t\t<div class=\"elementor-widget-wrap elementor-element-populated\">\n\t\t\t\t\t\t\t\t<div class=\"elementor-element elementor-element-78d4a65 elementor-widget elementor-widget-gallery_slider\" data-id=\"78d4a65\" data-element_type=\"widget\" data-widget_type=\"gallery_slider.default\">\n\t\t\t\t<div class=\"elementor-widget-container\">\n\t\t\t<div class=\"gallery-fs\"><figure><img src=\"http:\/\/www.ozmersan.com.tr\/web\/wp-content\/uploads\/2022\/01\/IMG_0011.jpg\" alt=\"\"><\/figure><div class=\"gallery-fs-nav\"><button class=\"gallery-fs-fullscreen\"><i class=\"fa fa-arrows-alt\"><\/i><\/button><\/div><div class=\"gallery-fs-thumbnails gallery-fs-thumbnails-col-5 owl-carousel owl-loaded\"><a href='http:\/\/www.ozmersan.com.tr\/web\/wp-content\/uploads\/2022\/01\/IMG_0011.jpg' data-caption='\u00dcr\u00fcnlerimiz' title='\u00dcr\u00fcnlerimiz' class=\"selected\"><img class='attachment-anps-gallery-thumb size-anps-gallery-thumb' src=http:\/\/www.ozmersan.com.tr\/web\/wp-content\/uploads\/2022\/01\/IMG_0011.jpg sizes='(max-width: 280px) 100vw, 280px' width='280' height='158'><\/a><a href='http:\/\/www.ozmersan.com.tr\/web\/wp-content\/uploads\/2021\/10\/1-3.jpg' data-caption='1' title='1'><img class='attachment-anps-gallery-thumb size-anps-gallery-thumb' src=http:\/\/www.ozmersan.com.tr\/web\/wp-content\/uploads\/2021\/10\/1-3.jpg sizes='(max-width: 280px) 100vw, 280px' width='280' height='158'><\/a><a href='http:\/\/www.ozmersan.com.tr\/web\/wp-content\/uploads\/2022\/01\/IMG_0012.jpg' data-caption='\u00dcr\u00fcnlerimiz' title='\u00dcr\u00fcnlerimiz'><img class='attachment-anps-gallery-thumb size-anps-gallery-thumb' src=http:\/\/www.ozmersan.com.tr\/web\/wp-content\/uploads\/2022\/01\/IMG_0012.jpg sizes='(max-width: 280px) 100vw, 280px' width='280' height='158'><\/a><a href='http:\/\/www.ozmersan.com.tr\/web\/wp-content\/uploads\/2022\/01\/IMG_0013.jpg' data-caption='' title=''><img class='attachment-anps-gallery-thumb size-anps-gallery-thumb' src=http:\/\/www.ozmersan.com.tr\/web\/wp-content\/uploads\/2022\/01\/IMG_0013.jpg sizes='(max-width: 280px) 100vw, 280px' width='280' height='158'><\/a><a href='http:\/\/www.ozmersan.com.tr\/web\/wp-content\/uploads\/2022\/01\/IMG_0015.jpg' data-caption='\u00dczerindeki desenleriyle, \u0131\u015f\u0131k ge\u00e7irgenli\u011fi ve dayan\u0131kl\u0131 yap\u0131s\u0131yla \u00f6zel...' title='Sivas Onyx'><img class='attachment-anps-gallery-thumb size-anps-gallery-thumb' src=http:\/\/www.ozmersan.com.tr\/web\/wp-content\/uploads\/2022\/01\/IMG_0015.jpg sizes='(max-width: 280px) 100vw, 280px' width='280' height='158'><\/a><a href='http:\/\/www.ozmersan.com.tr\/web\/wp-content\/uploads\/2022\/01\/IMG_0018.jpg' data-caption='' title=''><img class='attachment-anps-gallery-thumb size-anps-gallery-thumb' src=http:\/\/www.ozmersan.com.tr\/web\/wp-content\/uploads\/2022\/01\/IMG_0018.jpg sizes='(max-width: 280px) 100vw, 280px' width='280' height='158'><\/a><a href='http:\/\/www.ozmersan.com.tr\/web\/wp-content\/uploads\/2022\/01\/noche-4.jpg' data-caption='GOL RIVER8' title='GOL RIVER8'><img class='attachment-anps-gallery-thumb size-anps-gallery-thumb' src=http:\/\/www.ozmersan.com.tr\/web\/wp-content\/uploads\/2022\/01\/noche-4.jpg sizes='(max-width: 280px) 100vw, 280px' width='280' height='158'><\/a><a href='http:\/\/www.ozmersan.com.tr\/web\/wp-content\/uploads\/2022\/01\/noche-mevcut-2.jpg' data-caption='GOLD RIVER1' title='GOLD RIVER1'><img class='attachment-anps-gallery-thumb size-anps-gallery-thumb' src=http:\/\/www.ozmersan.com.tr\/web\/wp-content\/uploads\/2022\/01\/noche-mevcut-2.jpg sizes='(max-width: 280px) 100vw, 280px' width='280' height='158'><\/a><\/div><\/div>\t\t<\/div>\n\t\t\t\t<\/div>\n\t\t\t\t\t<\/div>\n\t\t<\/div>\n\t\t\t\t\t\t\t<\/div>\n\t\t<\/section>\n\t\t\t\t\t\t<\/div>\n\t\t\t\t\t<\/div>\n\t\t","protected":false},"excerpt":{"rendered":"<p>NOCHE TRAVERTEN Gerek su yollar\u0131ndaki belirginli\u011fi, gerekse cross cut kesimdeki yap\u0131s\u0131 itibariyle s\u00fcrekli tercih sebebi olan, yo\u011funlu\u011fu ve mukavemeti y\u00fcksek ta\u015f\u0131m\u0131z NOCHE TRAVERTEN\u2026 OCA\u011eIMIZDAN RES\u0130MLER<\/p>\n","protected":false},"author":1,"featured_media":0,"parent":0,"menu_order":0,"comment_status":"closed","ping_status":"closed","template":"elementor_header_footer","meta":{"spay_email":""},"_links":{"self":[{"href":"http:\/\/www.ozmersan.com.tr\/web\/index.php?rest_route=\/wp\/v2\/pages\/100"}],"collection":[{"href":"http:\/\/www.ozmersan.com.tr\/web\/index.php?rest_route=\/wp\/v2\/pages"}],"about":[{"href":"http:\/\/www.ozmersan.com.tr\/web\/index.php?rest_route=\/wp\/v2\/types\/page"}],"author":[{"embeddable":true,"href":"http:\/\/www.ozmersan.com.tr\/web\/index.php?rest_route=\/wp\/v2\/users\/1"}],"replies":[{"embeddable":true,"href":"http:\/\/www.ozmersan.com.tr\/web\/index.php?rest_route=%2Fwp%2Fv2%2Fcomments&post=100"}],"version-history":[{"count":19,"href":"http:\/\/www.ozmersan.com.tr\/web\/index.php?rest_route=\/wp\/v2\/pages\/100\/revisions"}],"predecessor-version":[{"id":1025,"href":"http:\/\/www.ozmersan.com.tr\/web\/index.php?rest_route=\/wp\/v2\/pages\/100\/revisions\/1025"}],"wp:attachment":[{"href":"http:\/\/www.ozmersan.com.tr\/web\/index.php?rest_route=%2Fwp%2Fv2%2Fmedia&parent=100"}],"curies":[{"name":"wp","href":"https:\/\/api.w.org\/{rel}","templated":true}]}}